{"id":6059,"date":"2026-03-06T10:10:14","date_gmt":"2026-03-06T09:10:14","guid":{"rendered":"https:\/\/rptu-anmeldungen.procampus.de\/?page_id=6059"},"modified":"2026-03-11T15:46:44","modified_gmt":"2026-03-11T14:46:44","slug":"anmeldung-ipsc-2026","status":"publish","type":"page","link":"https:\/\/rptu-anmeldungen.procampus.de\/de\/anmeldung-ipsc-2026\/","title":{"rendered":"Anmeldung &#8211; IPSC 2026"},"content":{"rendered":"<div class=\"wpb-content-wrapper\">[vc_row][vc_column][vc_single_image image=&#8221;4300&#8243; img_size=&#8221;full&#8221;][\/vc_column][\/vc_row][vc_row][vc_column][vc_separator][\/vc_column][\/vc_row][vc_row][vc_column][vc_single_image image=&#8221;6061&#8243; img_size=&#8221;full&#8221;][\/vc_column][\/vc_row][vc_row][vc_column][vc_separator][\/vc_column][\/vc_row][vc_row][vc_column]\n<div class=\"wpcf7 no-js\" id=\"wpcf7-f6058-o1\" lang=\"de-DE\" dir=\"ltr\">\n<div class=\"screen-reader-response\"><p role=\"status\" aria-live=\"polite\" aria-atomic=\"true\"><\/p> <ul><\/ul><\/div>\n<form action=\"\/de\/wp-json\/wp\/v2\/pages\/6059#wpcf7-f6058-o1\" method=\"post\" class=\"wpcf7-form init\" aria-label=\"Kontaktformular\" novalidate=\"novalidate\" data-status=\"init\">\n<div style=\"display: none;\">\n<input type=\"hidden\" name=\"_wpcf7\" value=\"6058\" \/>\n<input type=\"hidden\" name=\"_wpcf7_version\" value=\"5.9.3\" \/>\n<input type=\"hidden\" name=\"_wpcf7_locale\" value=\"de_DE\" \/>\n<input type=\"hidden\" name=\"_wpcf7_unit_tag\" value=\"wpcf7-f6058-o1\" \/>\n<input type=\"hidden\" name=\"_wpcf7_container_post\" value=\"0\" \/>\n<input type=\"hidden\" name=\"_wpcf7_posted_data_hash\" value=\"\" \/>\n<\/div>\n<style type = \"text\/css\"> \nspan.wpcf7-list-item { display: table-row; }\nspan.wpcf7-list-item * { display: table-cell; }\nspan.wpcf7-list-item-label::before, span.wpcf7-list-item-label::after {\nmargin-left: 5px;}\n}\n<\/style>\n<p><label> Anrede <\/label><br \/>\n<span class=\"wpcf7-form-control-wrap\" data-name=\"Anrede\"><select class=\"wpcf7-form-control wpcf7-select wpcf7-validates-as-required\" aria-required=\"true\" aria-invalid=\"false\" name=\"Anrede\"><option value=\"\">&#8211; Bitte ausw\u00e4hlen &#8211;<\/option><option value=\"Frau\">Frau<\/option><option value=\"Herr\">Herr<\/option><option value=\"-\">-<\/option><\/select><\/span>\n<\/p>\n<p><label> Titel <\/label><br \/>\n<span class=\"wpcf7-form-control-wrap\" data-name=\"Titel\"><input size=\"40\" class=\"wpcf7-form-control wpcf7-text\" aria-invalid=\"false\" placeholder=\"Dr.\" value=\"\" type=\"text\" name=\"Titel\" \/><\/span>\n<\/p>\n<p><label> Name* <\/label><br \/>\n<span class=\"wpcf7-form-control-wrap\" data-name=\"Name\"><input size=\"40\" class=\"wpcf7-form-control wpcf7-text wpcf7-validates-as-required\" aria-required=\"true\" aria-invalid=\"false\" placeholder=\"Mustermann\" value=\"\" type=\"text\" name=\"Name\" \/><\/span>\n<\/p>\n<p><label> Vorname* <\/label><br \/>\n<span class=\"wpcf7-form-control-wrap\" data-name=\"Vorname\"><input size=\"40\" class=\"wpcf7-form-control wpcf7-text wpcf7-validates-as-required\" aria-required=\"true\" aria-invalid=\"false\" placeholder=\"Max\" value=\"\" type=\"text\" name=\"Vorname\" \/><\/span>\n<\/p>\n<p><label> E-Mail* <\/label><br \/>\n<span class=\"wpcf7-form-control-wrap\" data-name=\"E-Mail\"><input size=\"40\" class=\"wpcf7-form-control wpcf7-email wpcf7-validates-as-required wpcf7-text wpcf7-validates-as-email\" aria-required=\"true\" aria-invalid=\"false\" placeholder=\"mustermann@web.de\" value=\"\" type=\"email\" name=\"E-Mail\" \/><\/span>\n<\/p>\n<p><label> Adresse* <\/label><br \/>\nStra\u00dfe<br \/>\n<span class=\"wpcf7-form-control-wrap\" data-name=\"Strasse\"><input size=\"40\" class=\"wpcf7-form-control wpcf7-text wpcf7-validates-as-required\" aria-required=\"true\" aria-invalid=\"false\" placeholder=\"Musterstr.\" value=\"\" type=\"text\" name=\"Strasse\" \/><\/span><br \/>\nHausnummer<br \/>\n<span class=\"wpcf7-form-control-wrap\" data-name=\"Hausnummer\"><input size=\"40\" class=\"wpcf7-form-control wpcf7-text wpcf7-validates-as-required\" aria-required=\"true\" aria-invalid=\"false\" placeholder=\"12\" value=\"\" type=\"text\" name=\"Hausnummer\" \/><\/span><br \/>\nPostleitzahl<br \/>\n<span class=\"wpcf7-form-control-wrap\" data-name=\"PLZ\"><input size=\"40\" class=\"wpcf7-form-control wpcf7-text wpcf7-validates-as-required\" aria-required=\"true\" aria-invalid=\"false\" placeholder=\"12345\" value=\"\" type=\"text\" name=\"PLZ\" \/><\/span><br \/>\nOrt<br \/>\n<span class=\"wpcf7-form-control-wrap\" data-name=\"Ort\"><input size=\"40\" class=\"wpcf7-form-control wpcf7-text wpcf7-validates-as-required\" aria-required=\"true\" aria-invalid=\"false\" placeholder=\"Musterstadt\" value=\"\" type=\"text\" name=\"Ort\" \/><\/span>\n<\/p>\n<p><label> Institution* <\/label><br \/>\n<span class=\"wpcf7-form-control-wrap\" data-name=\"Institution\"><input size=\"40\" class=\"wpcf7-form-control wpcf7-text wpcf7-validates-as-required\" aria-required=\"true\" aria-invalid=\"false\" placeholder=\"Muster Institut\" value=\"\" type=\"text\" name=\"Institution\" \/><\/span>\n<\/p>\n<p><label> Ordentliche\/r Studierende\/r (BA, MA etc.)* <\/label><br \/>\n<span class=\"wpcf7-form-control-wrap\" data-name=\"Studierender\"><span class=\"wpcf7-form-control wpcf7-checkbox wpcf7-validates-as-required wpcf7-exclusive-checkbox\"><span class=\"wpcf7-list-item first\"><input type=\"checkbox\" name=\"Studierender\" value=\"Ja\" \/><span class=\"wpcf7-list-item-label\">Ja<\/span><\/span><span class=\"wpcf7-list-item last\"><input type=\"checkbox\" name=\"Studierender\" value=\"Nein\" \/><span class=\"wpcf7-list-item-label\">Nein<\/span><\/span><\/span><\/span>\n<\/p>\n<p><label> (Mit-)Autor:in eines Beitrags* <\/label><br \/>\n<span class=\"wpcf7-form-control-wrap\" data-name=\"Autorin\"><span class=\"wpcf7-form-control wpcf7-checkbox wpcf7-validates-as-required wpcf7-exclusive-checkbox\"><span class=\"wpcf7-list-item first\"><input type=\"checkbox\" name=\"Autorin\" value=\"Ja\" \/><span class=\"wpcf7-list-item-label\">Ja<\/span><\/span><span class=\"wpcf7-list-item last\"><input type=\"checkbox\" name=\"Autorin\" value=\"Nein\" \/><span class=\"wpcf7-list-item-label\">Nein<\/span><\/span><\/span><\/span>\n<\/p>\n<p><label> Teilnahme am Get-together am Mittwoch, 20.5.* <\/label><br \/>\n(Am Mittwoch, den 20.5., findet ab 20:00 ein Get-together auf Selbstkostenbasis statt. Infos folgen.)<br \/>\n<span class=\"wpcf7-form-control-wrap\" data-name=\"Get-together\"><span class=\"wpcf7-form-control wpcf7-checkbox wpcf7-validates-as-required wpcf7-exclusive-checkbox\"><span class=\"wpcf7-list-item first\"><input type=\"checkbox\" name=\"Get-together\" value=\"Ja\" \/><span class=\"wpcf7-list-item-label\">Ja<\/span><\/span><span class=\"wpcf7-list-item last\"><input type=\"checkbox\" name=\"Get-together\" value=\"Nein\" \/><span class=\"wpcf7-list-item-label\">Nein<\/span><\/span><\/span><\/span>\n<\/p>\n<p><label> Hinweise auf Ern\u00e4hrungspr\u00e4ferenzen\/Allergien und Unvertr\u00e4glichkeiten: <\/label><br \/>\n<span class=\"wpcf7-form-control-wrap\" data-name=\"Allergien\"><input size=\"40\" class=\"wpcf7-form-control wpcf7-text\" aria-invalid=\"false\" placeholder=\"Veganer\" value=\"\" type=\"text\" name=\"Allergien\" \/><\/span>\n<\/p>\n<p><br class=\"br\" \/>\n<\/p>\n<p><label> <span class=\"wpcf7-form-control-wrap\" data-name=\"Kontaktaufnahme\"><span class=\"wpcf7-form-control wpcf7-acceptance\"><span class=\"wpcf7-list-item\"><input type=\"checkbox\" name=\"Kontaktaufnahme\" value=\"1\" aria-invalid=\"false\" \/><\/span><\/span><\/span> Ich willige ein, dass bei Anmeldung zu dieser Veranstaltung meine Anmeldedaten zum Zwecke des Besuchermanagements an das Fraunhofer IESE, an dem die Veranstaltung durchgef\u00fchrt wird, weitergegeben werden.*<\/label>\n<\/p>\n<p><label> <span class=\"wpcf7-form-control-wrap\" data-name=\"FotoFilmStreaming\"><span class=\"wpcf7-form-control wpcf7-acceptance\"><span class=\"wpcf7-list-item\"><input type=\"checkbox\" name=\"FotoFilmStreaming\" value=\"1\" aria-invalid=\"false\" \/><\/span><\/span><\/span> Ich erkl\u00e4re mich damit einverstanden, dass w\u00e4hrend der Veranstaltung Foto- und Filmaufnahmen gemacht werden. RPTU, DFKI und Fraunhofer IESE verwenden diese gemeinsam, um die Veranstaltung bildlich zu dokumentieren und \u00fcber diese Veranstaltung begleitend sowie nachtr\u00e4glich zu berichten. Dazu k\u00f6nnen Aufnahmen insbesondere auf Medienplattformen (zum Beispiel LinkedIn oder Webseiten der Veranstalter) ver\u00f6ffentlicht und zwecks Ver\u00f6ffentlichung an Partner f\u00fcr deren \u00d6ffentlichkeitsarbeit weitergeleitet werden. Au\u00dferdem behalten sich die Veranstalter vor, die Aufnahmen zu verwenden, um auch zuk\u00fcnftige Veranstaltungen \u00fcber die genannten Kan\u00e4le anzuk\u00fcndigen und zu bewerben.*<\/label>\n<\/p>\n<p><label><span class=\"wpcf7-form-control-wrap\" data-name=\"Zustimmung\"><span class=\"wpcf7-form-control wpcf7-acceptance\"><span class=\"wpcf7-list-item\"><input type=\"checkbox\" name=\"Zustimmung\" value=\"1\" aria-invalid=\"false\" \/><\/span><\/span><\/span> Ich habe die <a href=\"https:\/\/tuk-anmeldungen.procampus.de\/de\/datenschutz\/\">Datenschutzerkl\u00e4rung<\/a> zur Kenntnis genommen und akzeptiert. Ich stimme zu, dass meine Formularangaben zur Kontaktaufnahme bzw. zur Bearbeitung meines Anliegens gespeichert werden.*<\/label>\n<\/p>\n<p><label>Bitte beachten Sie, dass Sie mit der Anmeldung noch kein Konferenz-Ticket erworben haben. Nach dem Absenden Ihrer Anmeldung erhalten Sie eine Best\u00e4tigungsmail mit dem Link zum Ticketshop.<\/label>\n<\/p>\n<p><br class=\"br\" \/>\n<\/p>\n<p><input class=\"wpcf7-form-control wpcf7-submit has-spinner\" type=\"submit\" value=\"Senden\" \/>\n<\/p>\n<p><br class=\"br\" \/>\n<\/p>\n<p>*Pflichtfelder\n<\/p><div class=\"wpcf7-response-output\" aria-hidden=\"true\"><\/div>\n<\/form>\n<\/div>\n[\/vc_column][\/vc_row][vc_row][vc_column][vc_separator][\/vc_column][\/vc_row][vc_row][vc_column][vc_single_image image=&#8221;4307&#8243; img_size=&#8221;medium&#8221; alignment=&#8221;center&#8221;][\/vc_column][\/vc_row]<\/div>","protected":false},"excerpt":{"rendered":"<p>[vc_row][vc_column][vc_single_image image=&#8221;4300&#8243; img_size=&#8221;full&#8221;][\/vc_column][\/vc_row][vc_row][vc_column][vc_separator][\/vc_column][\/vc_row][vc_row][vc_column][vc_single_image image=&#8221;6061&#8243; img_size=&#8221;full&#8221;][\/vc_column][\/vc_row][vc_row][vc_column][vc_separator][\/vc_column][\/vc_row][vc_row][vc_column][\/vc_column][\/vc_row][vc_row][vc_column][vc_separator][\/vc_column][\/vc_row][vc_row][vc_column][vc_single_image image=&#8221;4307&#8243; img_size=&#8221;medium&#8221; alignment=&#8221;center&#8221;][\/vc_column][\/vc_row]<\/p>\n","protected":false},"author":11,"featured_media":0,"parent":0,"menu_order":0,"comment_status":"closed","ping_status":"closed","template":"","meta":{"_acf_changed":false,"footnotes":""},"acf":[],"publishpress_future_action":{"enabled":true,"date":"2026-05-22 23:59:00","action":"change-status","newStatus":"draft","terms":[0],"taxonomy":"translation_priority"},"_links":{"self":[{"href":"https:\/\/rptu-anmeldungen.procampus.de\/de\/wp-json\/wp\/v2\/pages\/6059"}],"collection":[{"href":"https:\/\/rptu-anmeldungen.procampus.de\/de\/wp-json\/wp\/v2\/pages"}],"about":[{"href":"https:\/\/rptu-anmeldungen.procampus.de\/de\/wp-json\/wp\/v2\/types\/page"}],"author":[{"embeddable":true,"href":"https:\/\/rptu-anmeldungen.procampus.de\/de\/wp-json\/wp\/v2\/users\/11"}],"replies":[{"embeddable":true,"href":"https:\/\/rptu-anmeldungen.procampus.de\/de\/wp-json\/wp\/v2\/comments?post=6059"}],"version-history":[{"count":3,"href":"https:\/\/rptu-anmeldungen.procampus.de\/de\/wp-json\/wp\/v2\/pages\/6059\/revisions"}],"predecessor-version":[{"id":6064,"href":"https:\/\/rptu-anmeldungen.procampus.de\/de\/wp-json\/wp\/v2\/pages\/6059\/revisions\/6064"}],"wp:attachment":[{"href":"https:\/\/rptu-anmeldungen.procampus.de\/de\/wp-json\/wp\/v2\/media?parent=6059"}],"curies":[{"name":"wp","href":"https:\/\/api.w.org\/{rel}","templated":true}]}}