{"id":6031,"date":"2026-02-20T12:55:15","date_gmt":"2026-02-20T11:55:15","guid":{"rendered":"https:\/\/rptu-anmeldungen.procampus.de\/?page_id=6031"},"modified":"2026-03-11T14:32:17","modified_gmt":"2026-03-11T13:32:17","slug":"anmeldung-arages-treffen-2026","status":"publish","type":"page","link":"https:\/\/rptu-anmeldungen.procampus.de\/de\/anmeldung-arages-treffen-2026\/","title":{"rendered":"Anmeldung AraGes Treffen 2026"},"content":{"rendered":"<div class=\"wpb-content-wrapper\">[vc_row][vc_column][vc_single_image image=&#8221;6087&#8243; img_size=&#8221;full&#8221;][\/vc_column][\/vc_row][vc_row][vc_column][vc_separator][\/vc_column][\/vc_row][vc_row][vc_column][vc_column_text]<strong>Herzlich willkommen zum AraGes Treffen 2026<\/strong>\r\n\r\n11.-13. September an der RPTU in Landau\r\n\r\nWir haben das diesj\u00e4hrige Programm bewusst anders gestaltet als in den Vorjahren \u2013 mit mehr Raum f\u00fcr Begegnung, Praxis und gemeinsames Entdecken. An den zwei Vormittagen gehen wir zusammen ins Gel\u00e4nde, um Spinnen zu erfassen und verschiedene Erfassungsmethoden \u2013 darunter auch einige neue Ans\u00e4tze \u2013 auszuprobieren und zu vergleichen. Wer m\u00f6chte, kann gerne den eigenen Lieblingskescher mitbringen. Die Nachmittage bieten Raum f\u00fcr Bestimmung \u2013 sei es die Ausbeute vom Vormittag oder mitgebrachte Tiere, f\u00fcr die fachkundiger Austausch willkommen ist. Wir freuen uns ausdr\u00fccklich \u00fcber ExpertInnen, die hier ihr Wissen mit der Gruppe teilen m\u00f6chten. Erg\u00e4nzt wird das Nachmittagsprogramm durch Posterpr\u00e4sentationen: Statt klassischer Vortr\u00e4ge m\u00f6chten wir hiermit einen Rahmen schaffen, der mehr zum Innehalten, Nachfragen und Diskutieren einl\u00e4dt und so den Fokus auf freien Austausch legt.\r\n\r\n<strong>Anmeldeschluss ist der 31.07.2026. <\/strong>Im Nachgang werden wir ein detailliertes Programm mit allen relevanten Informationen an alle Teilnehmenden verschicken. F\u00fcr R\u00fcckfragen und Anmerkungen:\u00a0<a href=\"mailto:arages2026@rptu.de\" target=\"_blank\" rel=\"noopener\">arages2026@rptu.de<\/a>[\/vc_column_text][\/vc_column][\/vc_row][vc_row][vc_column][vc_column_text][\/vc_column_text][\/vc_column][\/vc_row][vc_row][vc_column][vc_single_image image=&#8221;6082&#8243; img_size=&#8221;large&#8221;][\/vc_column][\/vc_row][vc_row][vc_column][vc_column_text]<strong>Exkursion Samstag:<\/strong>\u00a0<strong>Naturschutzgebiet Ebenberg<\/strong>\r\n\r\nDer\u00a0ehemaliger Truppen\u00fcbungsplatz liegt\u00a0am s\u00fcdlichen Stadtrand von Landau und zeichnet sich durch gro\u00dffl\u00e4chige Mager- und Halbtrockenrasen auf L\u00f6\u00df sowie lichte Geh\u00f6lze aus.[\/vc_column_text][\/vc_column][\/vc_row][vc_row][vc_column][vc_single_image image=&#8221;6084&#8243; img_size=&#8221;large&#8221;][\/vc_column][\/vc_row][vc_row][vc_column][vc_column_text]<strong>Exkursion Sonntag:<\/strong>\u00a0<strong>Reiterwiesen<\/strong>\r\n\r\nDas teils extensiv beweidete Feuchtgebiet liegt im Westen Landaus entlang der Queich und bietet vielf\u00e4ltige Lebensr\u00e4ume: lichte Erlenbest\u00e4nde, Schilf- und Wiesenbereiche, Ufers\u00e4ume und Totholz.[\/vc_column_text][\/vc_column][\/vc_row][vc_row][vc_column][vc_separator][\/vc_column][\/vc_row][vc_row][vc_column]\n<div class=\"wpcf7 no-js\" id=\"wpcf7-f6030-o1\" lang=\"de-DE\" dir=\"ltr\">\n<div class=\"screen-reader-response\"><p role=\"status\" aria-live=\"polite\" aria-atomic=\"true\"><\/p> <ul><\/ul><\/div>\n<form action=\"\/de\/wp-json\/wp\/v2\/pages\/6031#wpcf7-f6030-o1\" method=\"post\" class=\"wpcf7-form init\" aria-label=\"Kontaktformular\" novalidate=\"novalidate\" data-status=\"init\">\n<div style=\"display: none;\">\n<input type=\"hidden\" name=\"_wpcf7\" value=\"6030\" \/>\n<input type=\"hidden\" name=\"_wpcf7_version\" value=\"5.9.3\" \/>\n<input type=\"hidden\" name=\"_wpcf7_locale\" value=\"de_DE\" \/>\n<input type=\"hidden\" name=\"_wpcf7_unit_tag\" value=\"wpcf7-f6030-o1\" \/>\n<input type=\"hidden\" name=\"_wpcf7_container_post\" value=\"0\" \/>\n<input type=\"hidden\" name=\"_wpcf7_posted_data_hash\" value=\"\" \/>\n<\/div>\n<style type = \"text\/css\"> \nspan.wpcf7-list-item { display: table-row; }\nspan.wpcf7-list-item * { display: table-cell; }\nspan.wpcf7-list-item-label::before, span.wpcf7-list-item-label::after {\nmargin-left: 5px;}\n}\n<\/style>\n<p><label>Nachname*<\/label><br \/>\n<span class=\"wpcf7-form-control-wrap\" data-name=\"Nachname\"><input size=\"40\" class=\"wpcf7-form-control wpcf7-text wpcf7-validates-as-required\" aria-required=\"true\" aria-invalid=\"false\" placeholder=\"Mustermann\" value=\"\" type=\"text\" name=\"Nachname\" \/><\/span>\n<\/p>\n<p><label>Vorname*<\/label><br \/>\n<span class=\"wpcf7-form-control-wrap\" data-name=\"Vorname\"><input size=\"40\" class=\"wpcf7-form-control wpcf7-text wpcf7-validates-as-required\" aria-required=\"true\" aria-invalid=\"false\" placeholder=\"Max\" value=\"\" type=\"text\" name=\"Vorname\" \/><\/span>\n<\/p>\n<p><label>E-Mail-Adresse*<\/label><br \/>\n<span class=\"wpcf7-form-control-wrap\" data-name=\"E-mail\"><input size=\"40\" class=\"wpcf7-form-control wpcf7-email wpcf7-validates-as-required wpcf7-text wpcf7-validates-as-email\" aria-required=\"true\" aria-invalid=\"false\" placeholder=\"max.mustermann@rptu.de\" value=\"\" type=\"email\" name=\"E-mail\" \/><\/span>\n<\/p>\n<p><br class=\"br\" \/>\n<\/p>\n<p><label>F\u00fcr eine bessere Planung bitten wir um Anmeldung mit Einzelauswahl der folgenen Punkte:<\/label>\n<\/p>\n<p><span class=\"wpcf7-form-control-wrap\" data-name=\"Exkursion\"><span class=\"wpcf7-form-control wpcf7-checkbox wpcf7-validates-as-required\"><span class=\"wpcf7-list-item first\"><input type=\"checkbox\" name=\"Exkursion[]\" value=\"Exkursion Samstag\" \/><span class=\"wpcf7-list-item-label\">Exkursion Samstag<\/span><\/span><span class=\"wpcf7-list-item\"><input type=\"checkbox\" name=\"Exkursion[]\" value=\"Exkursion Sonntag\" \/><span class=\"wpcf7-list-item-label\">Exkursion Sonntag<\/span><\/span><span class=\"wpcf7-list-item last\"><input type=\"checkbox\" name=\"Exkursion[]\" value=\"On-Campus (Poster, Bestimmung, Austausch)\" \/><span class=\"wpcf7-list-item-label\">On-Campus (Poster, Bestimmung, Austausch)<\/span><\/span><\/span><\/span>\n<\/p>\n<p><span class=\"wpcf7-form-control-wrap\" data-name=\"Abendessen\"><span class=\"wpcf7-form-control wpcf7-checkbox\"><span class=\"wpcf7-list-item first\"><input type=\"checkbox\" name=\"Abendessen[]\" value=\"gemeinsames Abendessen Freitag\" \/><span class=\"wpcf7-list-item-label\">gemeinsames Abendessen Freitag<\/span><\/span><span class=\"wpcf7-list-item last\"><input type=\"checkbox\" name=\"Abendessen[]\" value=\"gemeinsames Abendessen Samstag\" \/><span class=\"wpcf7-list-item-label\">gemeinsames Abendessen Samstag<\/span><\/span><\/span><\/span>\n<\/p>\n<p><span class=\"wpcf7-form-control-wrap\" data-name=\"Bestimmungshilfe\"><span class=\"wpcf7-form-control wpcf7-checkbox\"><span class=\"wpcf7-list-item first\"><input type=\"checkbox\" name=\"Bestimmungshilfe[]\" value=\"Bestimmungshilfe Samstag\" \/><span class=\"wpcf7-list-item-label\">Bestimmungshilfe Samstag<\/span><\/span><span class=\"wpcf7-list-item last\"><input type=\"checkbox\" name=\"Bestimmungshilfe[]\" value=\"Bestimmungshilfe Sonntag\" \/><span class=\"wpcf7-list-item-label\">Bestimmungshilfe Sonntag<\/span><\/span><\/span><\/span>\n<\/p>\n<p>Ich bin ExpertIn f\u00fcr <span class=\"wpcf7-form-control-wrap\" data-name=\"Expertin\"><input size=\"40\" class=\"wpcf7-form-control wpcf7-text\" aria-invalid=\"false\" value=\"\" type=\"text\" name=\"Expertin\" \/><\/span>\n<\/p>\n<p><span class=\"wpcf7-form-control-wrap\" data-name=\"Anfahrt\"><span class=\"wpcf7-form-control wpcf7-checkbox wpcf7-exclusive-checkbox\"><span class=\"wpcf7-list-item first\"><input type=\"checkbox\" name=\"Anfahrt\" value=\"Anfahrt mit \u00d6PNV\" \/><span class=\"wpcf7-list-item-label\">Anfahrt mit \u00d6PNV<\/span><\/span><span class=\"wpcf7-list-item\"><input type=\"checkbox\" name=\"Anfahrt\" value=\"Anfahrt mit Auto\" \/><span class=\"wpcf7-list-item-label\">Anfahrt mit Auto<\/span><\/span><span class=\"wpcf7-list-item last\"><input type=\"checkbox\" name=\"Anfahrt\" value=\"Anfahrt mit Fahrrad\/zu Fu\u00df\" \/><span class=\"wpcf7-list-item-label\">Anfahrt mit Fahrrad\/zu Fu\u00df<\/span><\/span><\/span><\/span>\n<\/p>\n<p><br class=\"br\" \/>\n<\/p>\n<p><label>Neues Konzept:<\/label> KEINE Vortr\u00e4ge. Wir bitten um Poster-Beitr\u00e4ge f\u00fcr einen angeregten und interaktiven Austausch.<br \/>\n<span class=\"wpcf7-form-control-wrap\" data-name=\"Poster\"><span class=\"wpcf7-form-control wpcf7-checkbox\"><span class=\"wpcf7-list-item first last\"><input type=\"checkbox\" name=\"Poster[]\" value=\"Ich melde ein Poster an\" \/><span class=\"wpcf7-list-item-label\">Ich melde ein Poster an<\/span><\/span><\/span><\/span>\n<\/p>\n<p><label>Titel (max. 100 Zeichen)<\/label><br \/>\n<span class=\"wpcf7-form-control-wrap\" data-name=\"Titel\"><input size=\"40\" maxlength=\"100\" class=\"wpcf7-form-control wpcf7-text\" aria-invalid=\"false\" value=\"\" type=\"text\" name=\"Titel\" \/><\/span><br \/>\n<span class=\"wpcf7-character-count up\" data-target-name=\"Titel\" data-starting-value=\"0\" data-current-value=\"0\" data-maximum-value=\"100\">0<\/span>\n<\/p>\n<p><label>Abstract (max. 1000 Zeichen)<\/label><br \/>\n<span class=\"wpcf7-form-control-wrap\" data-name=\"Titel_Beschreibung\"><textarea cols=\"40\" rows=\"10\" maxlength=\"1000\" class=\"wpcf7-form-control wpcf7-textarea\" aria-invalid=\"false\" name=\"Titel_Beschreibung\"><\/textarea><\/span><br \/>\n<span class=\"wpcf7-character-count up\" data-target-name=\"Abstract\" data-starting-value=\"0\" data-current-value=\"0\">0<\/span>\n<\/p>\n<p><br class=\"br\" \/>\n<\/p>\n<p><label> <span class=\"wpcf7-form-control-wrap\" data-name=\"FotoFilmStreaming\"><span class=\"wpcf7-form-control wpcf7-acceptance\"><span class=\"wpcf7-list-item\"><input type=\"checkbox\" name=\"FotoFilmStreaming\" value=\"1\" aria-invalid=\"false\" \/><\/span><\/span><\/span> Ich erkl\u00e4re mich damit einverstanden, dass w\u00e4hrend der Veranstaltung Foto- und Filmaufnahmen gemacht werden. Das Foto- und Filmmaterial wird von der Universit\u00e4t zu Zwecken der \u00d6ffentlichkeitsarbeit, z.B. zur Ver\u00f6ffentlichung in Printmedien, im Internet oder den sozialen Medien verwendet und gespeichert.*<\/label>\n<\/p>\n<p><label> <span class=\"wpcf7-form-control-wrap\" data-name=\"Datenschutz\"><span class=\"wpcf7-form-control wpcf7-acceptance\"><span class=\"wpcf7-list-item\"><input type=\"checkbox\" name=\"Datenschutz\" value=\"1\" aria-invalid=\"false\" \/><\/span><\/span><\/span> Ich habe die <a href=\"https:\/\/tuk-anmeldungen.procampus.de\/de\/datenschutz\/\">Datenschutzerkl\u00e4rung<\/a> zur Kenntnis genommen und akzeptiert. Ich stimme zu, dass meine Formularangaben zur Kontaktaufnahme bzw. zur Bearbeitung meines Anliegens gespeichert werden.* <\/label>\n<\/p>\n<p>Wir planen die erhobenen Arten im Nachgang als Kurzbericht zur Tagung in den Arachnologischen Mitteilungen zu ver\u00f6ffentlichen und w\u00fcrden uns freuen die Namen aller Mitwirkenden nennen zu d\u00fcrfen.<br \/>\n<label> <span class=\"wpcf7-form-control-wrap\" data-name=\"Arachnologische_Mitteilungen\"><span class=\"wpcf7-form-control wpcf7-acceptance\"><span class=\"wpcf7-list-item\"><input type=\"checkbox\" name=\"Arachnologische_Mitteilungen\" value=\"1\" aria-invalid=\"false\" \/><\/span><\/span><\/span> Ich gebe mein Einverst\u00e4ndnis zur Ver\u00f6ffentlichug der erhobenen Ergebnisse auf der AraGes Homepage und in den Arachnologischen Mitteilungen.*<\/label><br \/>\n<label><span class=\"wpcf7-form-control-wrap\" data-name=\"Name_und_Fotos\"><span class=\"wpcf7-form-control wpcf7-checkbox\"><span class=\"wpcf7-list-item first last\"><input type=\"checkbox\" name=\"Name_und_Fotos[]\" value=\"Zus\u00e4tzlich d\u00fcrfen in dem Zusammenhang mein Name und Fotos meiner Person verwendet werden.\" \/><span class=\"wpcf7-list-item-label\">Zus\u00e4tzlich d\u00fcrfen in dem Zusammenhang mein Name und Fotos meiner Person verwendet werden.<\/span><\/span><\/span><\/span><\/label>\n<\/p>\n<p><br class=\"br\" \/>\n<\/p>\n<p><label><input class=\"wpcf7-form-control wpcf7-submit has-spinner\" type=\"submit\" value=\"Jetzt anmelden\" \/><\/label>\n<\/p>\n<p><br class=\"br\" \/>\n<\/p>\n<p>*Pflichtfelder\n<\/p><div class=\"wpcf7-response-output\" aria-hidden=\"true\"><\/div>\n<\/form>\n<\/div>\n[\/vc_column][\/vc_row]<\/div>","protected":false},"excerpt":{"rendered":"<p>[vc_row][vc_column][vc_single_image image=&#8221;6087&#8243; img_size=&#8221;full&#8221;][\/vc_column][\/vc_row][vc_row][vc_column][vc_separator][\/vc_column][\/vc_row][vc_row][vc_column][vc_column_text]Herzlich willkommen zum AraGes Treffen 2026 11.-13. September an der RPTU in Landau Wir haben das diesj\u00e4hrige Programm bewusst anders gestaltet als in den Vorjahren \u2013 mit mehr Raum f\u00fcr Begegnung, Praxis und gemeinsames Entdecken. An den zwei Vormittagen gehen wir zusammen ins Gel\u00e4nde, um Spinnen zu erfassen und verschiedene Erfassungsmethoden \u2013 darunter [&hellip;]<\/p>\n","protected":false},"author":11,"featured_media":0,"parent":0,"menu_order":0,"comment_status":"closed","ping_status":"closed","template":"","meta":{"_acf_changed":false,"footnotes":""},"acf":[],"publishpress_future_action":{"enabled":false,"date":"2026-04-15 22:44:19","action":"change-status","newStatus":"draft","terms":[],"taxonomy":"translation_priority"},"_links":{"self":[{"href":"https:\/\/rptu-anmeldungen.procampus.de\/de\/wp-json\/wp\/v2\/pages\/6031"}],"collection":[{"href":"https:\/\/rptu-anmeldungen.procampus.de\/de\/wp-json\/wp\/v2\/pages"}],"about":[{"href":"https:\/\/rptu-anmeldungen.procampus.de\/de\/wp-json\/wp\/v2\/types\/page"}],"author":[{"embeddable":true,"href":"https:\/\/rptu-anmeldungen.procampus.de\/de\/wp-json\/wp\/v2\/users\/11"}],"replies":[{"embeddable":true,"href":"https:\/\/rptu-anmeldungen.procampus.de\/de\/wp-json\/wp\/v2\/comments?post=6031"}],"version-history":[{"count":11,"href":"https:\/\/rptu-anmeldungen.procampus.de\/de\/wp-json\/wp\/v2\/pages\/6031\/revisions"}],"predecessor-version":[{"id":6095,"href":"https:\/\/rptu-anmeldungen.procampus.de\/de\/wp-json\/wp\/v2\/pages\/6031\/revisions\/6095"}],"wp:attachment":[{"href":"https:\/\/rptu-anmeldungen.procampus.de\/de\/wp-json\/wp\/v2\/media?parent=6031"}],"curies":[{"name":"wp","href":"https:\/\/api.w.org\/{rel}","templated":true}]}}