{"id":5780,"date":"2025-11-10T14:29:45","date_gmt":"2025-11-10T13:29:45","guid":{"rendered":"https:\/\/rptu-anmeldungen.procampus.de\/?page_id=5780"},"modified":"2025-12-11T14:54:46","modified_gmt":"2025-12-11T13:54:46","slug":"anmeldung-4-landauer-bilderbuchtagung","status":"publish","type":"page","link":"https:\/\/rptu-anmeldungen.procampus.de\/de\/anmeldung-4-landauer-bilderbuchtagung\/","title":{"rendered":"Anmeldung 4. Landauer Bilderbuchtagung"},"content":{"rendered":"<div class=\"wpb-content-wrapper\">[vc_row][vc_column][vc_single_image image=&#8221;4592&#8243; img_size=&#8221;full&#8221;][\/vc_column][\/vc_row][vc_row][vc_column][vc_separator][\/vc_column][\/vc_row][vc_row][vc_column]\n<div class=\"wpcf7 no-js\" id=\"wpcf7-f5779-o1\" lang=\"de-DE\" dir=\"ltr\">\n<div class=\"screen-reader-response\"><p role=\"status\" aria-live=\"polite\" aria-atomic=\"true\"><\/p> <ul><\/ul><\/div>\n<form action=\"\/de\/wp-json\/wp\/v2\/pages\/5780#wpcf7-f5779-o1\" method=\"post\" class=\"wpcf7-form init\" aria-label=\"Kontaktformular\" novalidate=\"novalidate\" data-status=\"init\">\n<div style=\"display: none;\">\n<input type=\"hidden\" name=\"_wpcf7\" value=\"5779\" \/>\n<input type=\"hidden\" name=\"_wpcf7_version\" value=\"5.9.3\" \/>\n<input type=\"hidden\" name=\"_wpcf7_locale\" value=\"de_DE\" \/>\n<input type=\"hidden\" name=\"_wpcf7_unit_tag\" value=\"wpcf7-f5779-o1\" \/>\n<input type=\"hidden\" name=\"_wpcf7_container_post\" value=\"0\" \/>\n<input type=\"hidden\" name=\"_wpcf7_posted_data_hash\" value=\"\" \/>\n<\/div>\n<style type = \"text\/css\"> \nspan.wpcf7-list-item { display: table-row; }\nspan.wpcf7-list-item * { display: table-cell; }\nspan.wpcf7-list-item-label::before, span.wpcf7-list-item-label::after {\nmargin-left: px;}\n<\/style>\n<p><label> Anrede <\/label><br \/>\n<span class=\"wpcf7-form-control-wrap\" data-name=\"Anrede\"><select class=\"wpcf7-form-control wpcf7-select\" aria-invalid=\"false\" name=\"Anrede\"><option value=\"\">&#8211; Bitte ausw\u00e4hlen &#8211;<\/option><option value=\"Frau\">Frau<\/option><option value=\"Herr\">Herr<\/option><\/select><\/span>\n<\/p>\n<p><label> Titel <\/label><br \/>\n<span class=\"wpcf7-form-control-wrap\" data-name=\"Titel\"><input size=\"40\" class=\"wpcf7-form-control wpcf7-text\" aria-invalid=\"false\" placeholder=\"Dr.\" value=\"\" type=\"text\" name=\"Titel\" \/><\/span>\n<\/p>\n<p><label> Vorname* <\/label><br \/>\n<span class=\"wpcf7-form-control-wrap\" data-name=\"Vorname\"><input size=\"40\" class=\"wpcf7-form-control wpcf7-text wpcf7-validates-as-required\" aria-required=\"true\" aria-invalid=\"false\" placeholder=\"Max\" value=\"\" type=\"text\" name=\"Vorname\" \/><\/span>\n<\/p>\n<p><label> Nachname* <\/label><br \/>\n<span class=\"wpcf7-form-control-wrap\" data-name=\"Nachname\"><input size=\"40\" class=\"wpcf7-form-control wpcf7-text wpcf7-validates-as-required\" aria-required=\"true\" aria-invalid=\"false\" placeholder=\"Mustermann\" value=\"\" type=\"text\" name=\"Nachname\" \/><\/span>\n<\/p>\n<p><label> E-Mail* <\/label><br \/>\n<span class=\"wpcf7-form-control-wrap\" data-name=\"E-Mail\"><input size=\"40\" class=\"wpcf7-form-control wpcf7-email wpcf7-validates-as-required wpcf7-text wpcf7-validates-as-email\" aria-required=\"true\" aria-invalid=\"false\" placeholder=\"mustermann@muster.de\" value=\"\" type=\"email\" name=\"E-Mail\" \/><\/span>\n<\/p>\n<p><label>Ich bin<\/label><br \/>\n<span class=\"wpcf7-form-control-wrap\" data-name=\"Teilnehmertyp\"><select class=\"wpcf7-form-control wpcf7-select wpcf7-validates-as-required\" aria-required=\"true\" aria-invalid=\"false\" name=\"Teilnehmertyp\"><option value=\"\">&#8211; Bitte ausw\u00e4hlen &#8211;<\/option><option value=\"RPTU-Interne:r (kostenlose Teilnahme)\">RPTU-Interne:r (kostenlose Teilnahme)<\/option><option value=\"externe:r Student:in (reduzierte, gestaffelte Geb\u00fchr)\">externe:r Student:in (reduzierte, gestaffelte Geb\u00fchr)<\/option><option value=\"Vollzahler:in (gestaffelte Geb\u00fchren)\">Vollzahler:in (gestaffelte Geb\u00fchren)<\/option><\/select><\/span>\n<\/p>\n<p><br class=\"br\" \/>\n<\/p>\n<p><label>Ich m\u00f6chte an folgendem Workshop teilnehmen*<br \/>\nPriorit\u00e4t 1:<\/label><br \/>\n<span class=\"wpcf7-form-control-wrap\" data-name=\"Workshop1\"><span class=\"wpcf7-form-control wpcf7-checkbox wpcf7-validates-as-required wpcf7-exclusive-checkbox\"><span class=\"wpcf7-list-item first\"><input type=\"checkbox\" name=\"Workshop1\" value=\"Workshop 1:  Tina Stolt: Vom Entstehen der Geschichten beim Machen\u2026 experimentelles Arbeiten mit Bildern auch f\u00fcr Anf\u00e4nger und sonst nicht bildnerisch Arbeitende (max. 15 TN)\" \/><span class=\"wpcf7-list-item-label\">Workshop 1:  Tina Stolt: Vom Entstehen der Geschichten beim Machen\u2026 experimentelles Arbeiten mit Bildern auch f\u00fcr Anf\u00e4nger und sonst nicht bildnerisch Arbeitende (max. 15 TN)<\/span><\/span><span class=\"wpcf7-list-item\"><input type=\"checkbox\" name=\"Workshop1\" value=\"Workshop 2: Michael Bahn (RPTU): Muss man die Maus ernst nehmen? Wie Mischtypen unser Auge f\u00fcr Fakten und Fiktionen schulen (max. 25 TN)\" \/><span class=\"wpcf7-list-item-label\">Workshop 2: Michael Bahn (RPTU): Muss man die Maus ernst nehmen? Wie Mischtypen unser Auge f\u00fcr Fakten und Fiktionen schulen (max. 25 TN)<\/span><\/span><span class=\"wpcf7-list-item\"><input type=\"checkbox\" name=\"Workshop1\" value=\"Workshop 3: Sascha Wittmer (Goethe-Universit\u00e4t Frankfurt): Vorlesegespr\u00e4che \u00fcber Bilderb\u00fccher im sprachlichen Anfangsunterricht (max. 60 TN)\" \/><span class=\"wpcf7-list-item-label\">Workshop 3: Sascha Wittmer (Goethe-Universit\u00e4t Frankfurt): Vorlesegespr\u00e4che \u00fcber Bilderb\u00fccher im sprachlichen Anfangsunterricht (max. 60 TN)<\/span><\/span><span class=\"wpcf7-list-item last\"><input type=\"checkbox\" name=\"Workshop1\" value=\"Ich nehme am Samstagnachmittag nicht am Tagungsprogramm teil.\" \/><span class=\"wpcf7-list-item-label\">Ich nehme am Samstagnachmittag nicht am Tagungsprogramm teil.<\/span><\/span><\/span><\/span>\n<\/p>\n<p><label>Priorit\u00e4t 2:<\/label><br \/>\n<span class=\"wpcf7-form-control-wrap\" data-name=\"Workshop2\"><span class=\"wpcf7-form-control wpcf7-checkbox wpcf7-validates-as-required wpcf7-exclusive-checkbox\"><span class=\"wpcf7-list-item first\"><input type=\"checkbox\" name=\"Workshop2\" value=\"Workshop 1:  Tina Stolt (RPTU): Vom Entstehen der Geschichten beim Machen\u2026 experimentelles Arbeiten mit Bildern auch f\u00fcr Anf\u00e4nger und sonst nicht bildnerisch Arbeitende (max. 15 TN)\" \/><span class=\"wpcf7-list-item-label\">Workshop 1:  Tina Stolt (RPTU): Vom Entstehen der Geschichten beim Machen\u2026 experimentelles Arbeiten mit Bildern auch f\u00fcr Anf\u00e4nger und sonst nicht bildnerisch Arbeitende (max. 15 TN)<\/span><\/span><span class=\"wpcf7-list-item\"><input type=\"checkbox\" name=\"Workshop2\" value=\"Workshop 2: Michael Bahn (RPTU): Muss man die Maus ernst nehmen? Wie Mischtypen unser Auge f\u00fcr Fakten und Fiktionen schulen (max. 25 TN)\" \/><span class=\"wpcf7-list-item-label\">Workshop 2: Michael Bahn (RPTU): Muss man die Maus ernst nehmen? Wie Mischtypen unser Auge f\u00fcr Fakten und Fiktionen schulen (max. 25 TN)<\/span><\/span><span class=\"wpcf7-list-item\"><input type=\"checkbox\" name=\"Workshop2\" value=\"Workshop 3: Sascha Wittmer (Goethe-Universit\u00e4t Frankfurt): Vorlesegespr\u00e4che \u00fcber Bilderb\u00fccher im sprachlichen Anfangsunterricht (max. 60 TN)\" \/><span class=\"wpcf7-list-item-label\">Workshop 3: Sascha Wittmer (Goethe-Universit\u00e4t Frankfurt): Vorlesegespr\u00e4che \u00fcber Bilderb\u00fccher im sprachlichen Anfangsunterricht (max. 60 TN)<\/span><\/span><span class=\"wpcf7-list-item last\"><input type=\"checkbox\" name=\"Workshop2\" value=\"Ich nehme am Samstagnachmittag nicht am Tagungsprogramm teil.\" \/><span class=\"wpcf7-list-item-label\">Ich nehme am Samstagnachmittag nicht am Tagungsprogramm teil.<\/span><\/span><\/span><\/span>\n<\/p>\n<p><label>Shuttle-Bus<\/label><br \/>\n<span class=\"wpcf7-form-control-wrap\" data-name=\"Shuttlebus\"><span class=\"wpcf7-form-control wpcf7-checkbox\"><span class=\"wpcf7-list-item first last\"><input type=\"checkbox\" name=\"Shuttlebus[]\" value=\"Ich m\u00f6chte den Shuttle-Bus zwischen Landau und Edenkoben in Anspruch nehmen, der am ersten Tag zur Verf\u00fcgung gestellt wird.\" \/><span class=\"wpcf7-list-item-label\">Ich m\u00f6chte den Shuttle-Bus zwischen Landau und Edenkoben in Anspruch nehmen, der am ersten Tag zur Verf\u00fcgung gestellt wird.<\/span><\/span><\/span><\/span>\n<\/p>\n<p><br class=\"br\" \/>\n<\/p>\n<p><label> <span class=\"wpcf7-form-control-wrap\" data-name=\"FotoFilmStreaming\"><span class=\"wpcf7-form-control wpcf7-checkbox\"><span class=\"wpcf7-list-item first last\"><input type=\"checkbox\" name=\"FotoFilmStreaming[]\" value=\"Ich erkl\u00e4re mich damit einverstanden, dass w\u00e4hrend der Veranstaltung Foto- und Filmaufnahmen gemacht werden. Das Foto- und Filmmaterial wird von der Universit\u00e4t zu Zwecken der \u00d6ffentlichkeitsarbeit, z.B. zur Ver\u00f6ffentlichung in Printmedien, im Internet oder den sozialen Medien verwendet und gespeichert.\" \/><span class=\"wpcf7-list-item-label\">Ich erkl\u00e4re mich damit einverstanden, dass w\u00e4hrend der Veranstaltung Foto- und Filmaufnahmen gemacht werden. Das Foto- und Filmmaterial wird von der Universit\u00e4t zu Zwecken der \u00d6ffentlichkeitsarbeit, z.B. zur Ver\u00f6ffentlichung in Printmedien, im Internet oder den sozialen Medien verwendet und gespeichert.<\/span><\/span><\/span><\/span><\/label>\n<\/p>\n<p><label> <span class=\"wpcf7-form-control-wrap\" data-name=\"Zustimmung\"><span class=\"wpcf7-form-control wpcf7-acceptance\"><span class=\"wpcf7-list-item\"><input type=\"checkbox\" name=\"Zustimmung\" value=\"1\" aria-invalid=\"false\" \/><\/span><\/span><\/span> Ich habe die <a href=\"https:\/\/tuk-anmeldungen.procampus.de\/de\/datenschutz\/\">Datenschutzerkl\u00e4rung<\/a> zur Kenntnis genommen und akzeptiert. Ich stimme zu, dass meine Formularangaben zur Kontaktaufnahme bzw. zur Bearbeitung meines Anliegens gespeichert werden.*<\/label>\n<\/p>\n<p><br class=\"br\" \/>\n<\/p>\n<p><input class=\"wpcf7-form-control wpcf7-submit has-spinner\" type=\"submit\" value=\"Senden\" \/>\n<\/p>\n<p><br class=\"br\" \/>\n<\/p>\n<p>*Pflichtfelder\n<\/p><div class=\"wpcf7-response-output\" aria-hidden=\"true\"><\/div>\n<\/form>\n<\/div>\n[\/vc_column][\/vc_row][vc_row][vc_column][vc_separator][\/vc_column][\/vc_row][vc_row][vc_column width=&#8221;1\/4&#8243;][vc_single_image image=&#8221;5813&#8243; img_size=&#8221;full&#8221;][\/vc_column][vc_column width=&#8221;1\/4&#8243;][vc_single_image image=&#8221;5781&#8243; img_size=&#8221;full&#8221; alignment=&#8221;center&#8221;][\/vc_column][vc_column width=&#8221;1\/4&#8243;][vc_single_image image=&#8221;5783&#8243; img_size=&#8221;full&#8221; alignment=&#8221;center&#8221;][\/vc_column][vc_column width=&#8221;1\/4&#8243;][vc_single_image image=&#8221;5790&#8243; alignment=&#8221;center&#8221;][\/vc_column][\/vc_row]<\/div>","protected":false},"excerpt":{"rendered":"<p>[vc_row][vc_column][vc_single_image image=&#8221;4592&#8243; img_size=&#8221;full&#8221;][\/vc_column][\/vc_row][vc_row][vc_column][vc_separator][\/vc_column][\/vc_row][vc_row][vc_column][\/vc_column][\/vc_row][vc_row][vc_column][vc_separator][\/vc_column][\/vc_row][vc_row][vc_column width=&#8221;1\/4&#8243;][vc_single_image image=&#8221;5813&#8243; img_size=&#8221;full&#8221;][\/vc_column][vc_column width=&#8221;1\/4&#8243;][vc_single_image image=&#8221;5781&#8243; img_size=&#8221;full&#8221; alignment=&#8221;center&#8221;][\/vc_column][vc_column width=&#8221;1\/4&#8243;][vc_single_image image=&#8221;5783&#8243; img_size=&#8221;full&#8221; alignment=&#8221;center&#8221;][\/vc_column][vc_column width=&#8221;1\/4&#8243;][vc_single_image image=&#8221;5790&#8243; alignment=&#8221;center&#8221;][\/vc_column][\/vc_row]<\/p>\n","protected":false},"author":11,"featured_media":0,"parent":0,"menu_order":0,"comment_status":"closed","ping_status":"closed","template":"","meta":{"_acf_changed":false,"footnotes":""},"acf":[],"publishpress_future_action":{"enabled":true,"date":"2026-05-07 23:59:00","action":"change-status","newStatus":"draft","terms":[0],"taxonomy":"translation_priority"},"_links":{"self":[{"href":"https:\/\/rptu-anmeldungen.procampus.de\/de\/wp-json\/wp\/v2\/pages\/5780"}],"collection":[{"href":"https:\/\/rptu-anmeldungen.procampus.de\/de\/wp-json\/wp\/v2\/pages"}],"about":[{"href":"https:\/\/rptu-anmeldungen.procampus.de\/de\/wp-json\/wp\/v2\/types\/page"}],"author":[{"embeddable":true,"href":"https:\/\/rptu-anmeldungen.procampus.de\/de\/wp-json\/wp\/v2\/users\/11"}],"replies":[{"embeddable":true,"href":"https:\/\/rptu-anmeldungen.procampus.de\/de\/wp-json\/wp\/v2\/comments?post=5780"}],"version-history":[{"count":7,"href":"https:\/\/rptu-anmeldungen.procampus.de\/de\/wp-json\/wp\/v2\/pages\/5780\/revisions"}],"predecessor-version":[{"id":5815,"href":"https:\/\/rptu-anmeldungen.procampus.de\/de\/wp-json\/wp\/v2\/pages\/5780\/revisions\/5815"}],"wp:attachment":[{"href":"https:\/\/rptu-anmeldungen.procampus.de\/de\/wp-json\/wp\/v2\/media?parent=5780"}],"curies":[{"name":"wp","href":"https:\/\/api.w.org\/{rel}","templated":true}]}}