{"id":5743,"date":"2025-09-23T15:17:11","date_gmt":"2025-09-23T13:17:11","guid":{"rendered":"https:\/\/rptu-anmeldungen.procampus.de\/?page_id=5743"},"modified":"2025-12-09T12:57:04","modified_gmt":"2025-12-09T11:57:04","slug":"anmeldung-science-fair-2026","status":"publish","type":"page","link":"https:\/\/rptu-anmeldungen.procampus.de\/de\/anmeldung-science-fair-2026\/","title":{"rendered":"Anmeldung Science-Fair 2026 <br><h2>Oberthema 2026: Entdeckung-Erfindung<\/h2>"},"content":{"rendered":"<div class=\"wpb-content-wrapper\">[vc_row][vc_column][vc_single_image image=&#8221;5083&#8243; img_size=&#8221;full&#8221;][\/vc_column][\/vc_row][vc_row][vc_column width=&#8221;1\/3&#8243;][vc_single_image image=&#8221;4073&#8243; img_size=&#8221;full&#8221;][\/vc_column][vc_column width=&#8221;1\/3&#8243;][vc_single_image image=&#8221;5774&#8243; img_size=&#8221;full&#8221; css=&#8221;.vc_custom_1762856092581{margin-top: px !important;}&#8221;][\/vc_column][vc_column width=&#8221;1\/3&#8243;][vc_single_image image=&#8221;4040&#8243; img_size=&#8221;full&#8221; css=&#8221;.vc_custom_1758634435936{margin-top: 45px !important;}&#8221;][\/vc_column][\/vc_row][vc_row][vc_column][vc_separator][\/vc_column][\/vc_row][vc_row][vc_column]\n<div class=\"wpcf7 no-js\" id=\"wpcf7-f5742-o1\" lang=\"de-DE\" dir=\"ltr\">\n<div class=\"screen-reader-response\"><p role=\"status\" aria-live=\"polite\" aria-atomic=\"true\"><\/p> <ul><\/ul><\/div>\n<form action=\"\/de\/wp-json\/wp\/v2\/pages\/5743#wpcf7-f5742-o1\" method=\"post\" class=\"wpcf7-form init\" aria-label=\"Kontaktformular\" novalidate=\"novalidate\" data-status=\"init\">\n<div style=\"display: none;\">\n<input type=\"hidden\" name=\"_wpcf7\" value=\"5742\" \/>\n<input type=\"hidden\" name=\"_wpcf7_version\" value=\"5.9.3\" \/>\n<input type=\"hidden\" name=\"_wpcf7_locale\" value=\"de_DE\" \/>\n<input type=\"hidden\" name=\"_wpcf7_unit_tag\" value=\"wpcf7-f5742-o1\" \/>\n<input type=\"hidden\" name=\"_wpcf7_container_post\" value=\"0\" \/>\n<input type=\"hidden\" name=\"_wpcf7_posted_data_hash\" value=\"\" \/>\n<\/div>\n<style type = \"text\/css\"> \nspan.wpcf7-list-item { display: table-row;}\nspan.wpcf7-list-item * { display: table-cell;}\nspan.wpcf7-list-item-label::before, span.wpcf7-list-item-label::after {\nmargin-left: 5px;}\n}\n<\/style>\n<p><label> TITEL DES PROJEKTS:* <\/label><br \/>\n(Problemstellung)<br \/>\n<span class=\"wpcf7-form-control-wrap\" data-name=\"Projekttitel\"><input size=\"70\" class=\"wpcf7-form-control wpcf7-text wpcf7-validates-as-required\" aria-required=\"true\" aria-invalid=\"false\" placeholder=\"Optimierte Partnersuche: Das Projekt \u201eLovehatten\u201c\" value=\"\" type=\"text\" name=\"Projekttitel\" \/><\/span>\n<\/p>\n<p><label> KATEGORIE DES PROJEKTS:* <\/label><br \/>\n<span class=\"wpcf7-form-control-wrap\" data-name=\"Kategorie\"><select class=\"wpcf7-form-control wpcf7-select wpcf7-validates-as-required\" aria-required=\"true\" aria-invalid=\"false\" name=\"Kategorie\"><option value=\"\">&#8211; Bitte ausw\u00e4hlen &#8211;<\/option><option value=\"Mensch &amp; Gesellschaft\">Mensch &amp; Gesellschaft<\/option><option value=\"Natur &amp; Technik\">Natur &amp; Technik<\/option><\/select><\/span>\n<\/p>\n<p><label> NAME DER SCHULE:* <\/label><br \/>\n<span class=\"wpcf7-form-control-wrap\" data-name=\"Schulname\"><input size=\"70\" class=\"wpcf7-form-control wpcf7-text wpcf7-validates-as-required\" aria-required=\"true\" aria-invalid=\"false\" placeholder=\"Musterschule in Musterhausen\" value=\"\" type=\"text\" name=\"Schulname\" \/><\/span><br \/>\nStufe:<br \/>\n<span class=\"wpcf7-form-control-wrap\" data-name=\"Stufe\"><select class=\"wpcf7-form-control wpcf7-select wpcf7-validates-as-required\" aria-required=\"true\" aria-invalid=\"false\" name=\"Stufe\"><option value=\"\">&#8211; Bitte ausw\u00e4hlen &#8211;<\/option><option value=\"Mittelstufe (7.-10. Klasse)\">Mittelstufe (7.-10. Klasse)<\/option><option value=\"Oberstufe (11.-13. Klasse)\">Oberstufe (11.-13. Klasse)<\/option><\/select><\/span>\n<\/p>\n<p><br class=\"br\" \/>\n<\/p>\n<p><label>BETREUER\/IN ODER ANSPRECHPARTNER\/IN:*<\/label><br \/>\n(f\u00fcr R\u00fcckfragen der Planungsgruppe)<br \/>\n\t<font color=\"#646464\"><label>Hinweis:<\/label>\nWir werden Sie zur Planung der Pr\u00e4sentationsst\u00e4nde im Februar\/M\u00e4rz 2026 unter der hier angegebenen Email-Adresse kontaktieren, um die konkreten Bedarfe f\u00fcr Deinen\/Euren\/Ihren individuellen Projektstand in Erfahrung zu bringen. (z.B. Anzahl Tische, Strom, etc.)\n\t<\/font>\n<\/p>\n<p>Name:<br \/>\n<span class=\"wpcf7-form-control-wrap\" data-name=\"NameBetr\"><input size=\"40\" class=\"wpcf7-form-control wpcf7-text wpcf7-validates-as-required\" aria-required=\"true\" aria-invalid=\"false\" placeholder=\"Michael Muster\" value=\"\" type=\"text\" name=\"NameBetr\" \/><\/span><br \/>\nStra\u00dfe, Hausnummer:<br \/>\n<span class=\"wpcf7-form-control-wrap\" data-name=\"Strasse\"><input size=\"40\" class=\"wpcf7-form-control wpcf7-text wpcf7-validates-as-required\" aria-required=\"true\" aria-invalid=\"false\" placeholder=\"Hauptstra\u00dfe 1\" value=\"\" type=\"text\" name=\"Strasse\" \/><\/span><br \/>\nPLZ, Ort:<br \/>\n<span class=\"wpcf7-form-control-wrap\" data-name=\"Ort\"><input size=\"40\" class=\"wpcf7-form-control wpcf7-text wpcf7-validates-as-required\" aria-required=\"true\" aria-invalid=\"false\" placeholder=\"76829 Landau\" value=\"\" type=\"text\" name=\"Ort\" \/><\/span><br \/>\nTelefon:<br \/>\n<span class=\"wpcf7-form-control-wrap\" data-name=\"Telefonnr\"><input size=\"40\" class=\"wpcf7-form-control wpcf7-tel wpcf7-validates-as-required wpcf7-text wpcf7-validates-as-tel\" aria-required=\"true\" aria-invalid=\"false\" placeholder=\"06314-111222333\" value=\"\" type=\"tel\" name=\"Telefonnr\" \/><\/span><br \/>\nHandy:<br \/>\n<span class=\"wpcf7-form-control-wrap\" data-name=\"Handy\"><input size=\"40\" class=\"wpcf7-form-control wpcf7-tel wpcf7-validates-as-required wpcf7-text wpcf7-validates-as-tel\" aria-required=\"true\" aria-invalid=\"false\" placeholder=\"0123-111222333\" value=\"\" type=\"tel\" name=\"Handy\" \/><\/span><br \/>\nE-Mail-Adresse:<br \/>\n<span class=\"wpcf7-form-control-wrap\" data-name=\"E-Mail\"><input size=\"40\" class=\"wpcf7-form-control wpcf7-email wpcf7-validates-as-required wpcf7-text wpcf7-validates-as-email\" aria-required=\"true\" aria-invalid=\"false\" placeholder=\"mustermann.max@email.de\" value=\"\" type=\"email\" name=\"E-Mail\" \/><\/span>\n<\/p>\n<p><br class=\"br\" \/>\n<\/p>\n<p><label> TEILNEHMENDE SCH\u00dcLERINNEN UND SCH\u00dcLER:* <\/label><br \/>\n<label> Aus wie vielen Teilnehmer\/innen besteht ihre Gruppe \/ ihr Projekt? <\/label><br \/>\n<span class=\"wpcf7-form-control-wrap\" data-name=\"Teilnehmeranzahl\"><input class=\"wpcf7-form-control wpcf7-number wpcf7-validates-as-required wpcf7-validates-as-number\" min=\"1\" max=\"5\" aria-required=\"true\" aria-invalid=\"false\" placeholder=\"2\" value=\"\" type=\"number\" name=\"Teilnehmeranzahl\" \/><\/span>\n<\/p>\n<p><label> Teilnehmer\/in 1 <\/label><br \/>\nVorname:<br \/>\n<span class=\"wpcf7-form-control-wrap\" data-name=\"Vorname1Schue\"><input size=\"40\" class=\"wpcf7-form-control wpcf7-text wpcf7-validates-as-required\" aria-required=\"true\" aria-invalid=\"false\" placeholder=\"Maximilane\" value=\"\" type=\"text\" name=\"Vorname1Schue\" \/><\/span><br \/>\nName:<br \/>\n<span class=\"wpcf7-form-control-wrap\" data-name=\"Name1Schue\"><input size=\"40\" class=\"wpcf7-form-control wpcf7-text wpcf7-validates-as-required\" aria-required=\"true\" aria-invalid=\"false\" placeholder=\"Musterfrau\" value=\"\" type=\"text\" name=\"Name1Schue\" \/><\/span><br \/>\nKlasse:<br \/>\n<span class=\"wpcf7-form-control-wrap\" data-name=\"Klasse1\"><input class=\"wpcf7-form-control wpcf7-number wpcf7-validates-as-required wpcf7-validates-as-number\" min=\"7\" max=\"13\" aria-required=\"true\" aria-invalid=\"false\" placeholder=\"10\" value=\"\" type=\"number\" name=\"Klasse1\" \/><\/span><br \/>\nAlter:<br \/>\n<span class=\"wpcf7-form-control-wrap\" data-name=\"Alter1\"><input class=\"wpcf7-form-control wpcf7-number wpcf7-validates-as-required wpcf7-validates-as-number\" min=\"1\" max=\"21\" aria-required=\"true\" aria-invalid=\"false\" placeholder=\"16\" value=\"\" type=\"number\" name=\"Alter1\" \/><\/span>\n<\/p>\n<p><label> Teilnehmer\/in 2 <\/label><br \/>\nVorname:<br \/>\n<span class=\"wpcf7-form-control-wrap\" data-name=\"Vorname2Schue\"><input size=\"40\" class=\"wpcf7-form-control wpcf7-text\" aria-invalid=\"false\" placeholder=\"Maximilian\" value=\"\" type=\"text\" name=\"Vorname2Schue\" \/><\/span><br \/>\nName:<br \/>\n<span class=\"wpcf7-form-control-wrap\" data-name=\"Name2Schue\"><input size=\"40\" class=\"wpcf7-form-control wpcf7-text\" aria-invalid=\"false\" placeholder=\"Mustermann\" value=\"\" type=\"text\" name=\"Name2Schue\" \/><\/span><br \/>\nKlasse:<br \/>\n<span class=\"wpcf7-form-control-wrap\" data-name=\"Klasse2\"><input class=\"wpcf7-form-control wpcf7-number wpcf7-validates-as-number\" min=\"7\" max=\"13\" aria-invalid=\"false\" placeholder=\"10\" value=\"\" type=\"number\" name=\"Klasse2\" \/><\/span><br \/>\nAlter:<br \/>\n<span class=\"wpcf7-form-control-wrap\" data-name=\"Alter2\"><input class=\"wpcf7-form-control wpcf7-number wpcf7-validates-as-number\" min=\"1\" max=\"21\" aria-invalid=\"false\" placeholder=\"15\" value=\"\" type=\"number\" name=\"Alter2\" \/><\/span>\n<\/p>\n<p><label> Teilnehmer\/in 3 <\/label><br \/>\nVorname:<br \/>\n<span class=\"wpcf7-form-control-wrap\" data-name=\"Vorname3Schue\"><input size=\"40\" class=\"wpcf7-form-control wpcf7-text\" aria-invalid=\"false\" value=\"\" type=\"text\" name=\"Vorname3Schue\" \/><\/span><br \/>\nName:<br \/>\n<span class=\"wpcf7-form-control-wrap\" data-name=\"Name3Schue\"><input size=\"40\" class=\"wpcf7-form-control wpcf7-text\" aria-invalid=\"false\" value=\"\" type=\"text\" name=\"Name3Schue\" \/><\/span><br \/>\nKlasse:<br \/>\n<span class=\"wpcf7-form-control-wrap\" data-name=\"Klasse3\"><input class=\"wpcf7-form-control wpcf7-number wpcf7-validates-as-number\" min=\"7\" max=\"13\" aria-invalid=\"false\" value=\"\" type=\"number\" name=\"Klasse3\" \/><\/span><br \/>\nAlter:<br \/>\n<span class=\"wpcf7-form-control-wrap\" data-name=\"Alter3\"><input class=\"wpcf7-form-control wpcf7-number wpcf7-validates-as-number\" min=\"1\" max=\"21\" aria-invalid=\"false\" value=\"\" type=\"number\" name=\"Alter3\" \/><\/span>\n<\/p>\n<p><label> Teilnehmer\/in 4 <\/label><br \/>\nVorname:<br \/>\n<span class=\"wpcf7-form-control-wrap\" data-name=\"Vorname4Schue\"><input size=\"40\" class=\"wpcf7-form-control wpcf7-text\" aria-invalid=\"false\" value=\"\" type=\"text\" name=\"Vorname4Schue\" \/><\/span><br \/>\nName:<br \/>\n<span class=\"wpcf7-form-control-wrap\" data-name=\"Name4Schue\"><input size=\"40\" class=\"wpcf7-form-control wpcf7-text\" aria-invalid=\"false\" value=\"\" type=\"text\" name=\"Name4Schue\" \/><\/span><br \/>\nKlasse:<br \/>\n<span class=\"wpcf7-form-control-wrap\" data-name=\"Klasse4\"><input class=\"wpcf7-form-control wpcf7-number wpcf7-validates-as-number\" min=\"7\" max=\"13\" aria-invalid=\"false\" value=\"\" type=\"number\" name=\"Klasse4\" \/><\/span><br \/>\nAlter:<br \/>\n<span class=\"wpcf7-form-control-wrap\" data-name=\"Alter4\"><input class=\"wpcf7-form-control wpcf7-number wpcf7-validates-as-number\" min=\"1\" max=\"21\" aria-invalid=\"false\" value=\"\" type=\"number\" name=\"Alter4\" \/><\/span>\n<\/p>\n<p>Bei mehr als 4 Teilnehmenden:<br \/>\nWeitere Teilnehmende bitte vollst\u00e4ndig mit <label>Vornamen<\/label> und <label>Nachnamen<\/label> sowie <label>Klassenstufe<\/label> und <label>Alter<\/label> hier auflisten:\n<\/p>\n<p><span class=\"wpcf7-form-control-wrap\" data-name=\"WeitereTeilnehmer\"><textarea cols=\"110\" rows=\"7\" class=\"wpcf7-form-control wpcf7-textarea\" aria-invalid=\"false\" name=\"WeitereTeilnehmer\"><\/textarea><\/span>\n<\/p>\n<p><br class=\"br\" \/>\n<\/p>\n<p><label> GGF. BETEILIGTE FORSCHUNGSEINRICHTUNGEN, HOCHSCHULEN ODER UNTERNEHMEN: <\/label>\n<\/p>\n<p>Name:<br \/>\n<span class=\"wpcf7-form-control-wrap\" data-name=\"NameUnt\"><input size=\"40\" class=\"wpcf7-form-control wpcf7-text\" aria-invalid=\"false\" placeholder=\"Musterfirma\" value=\"\" type=\"text\" name=\"NameUnt\" \/><\/span><br \/>\nAnsprechpartner\/in:<br \/>\n<span class=\"wpcf7-form-control-wrap\" data-name=\"Ansprechpartner\"><input size=\"40\" class=\"wpcf7-form-control wpcf7-text\" aria-invalid=\"false\" placeholder=\"Dr. Melanie Musterexpertin\" value=\"\" type=\"text\" name=\"Ansprechpartner\" \/><\/span><br \/>\nTelefonnummer:<br \/>\n<span class=\"wpcf7-form-control-wrap\" data-name=\"TelefonnrUnt\"><input size=\"40\" class=\"wpcf7-form-control wpcf7-tel wpcf7-text wpcf7-validates-as-tel\" aria-invalid=\"false\" placeholder=\"0123-444555666\" value=\"\" type=\"tel\" name=\"TelefonnrUnt\" \/><\/span>\n<\/p>\n<p><span class=\"wpcf7-form-control-wrap\" data-name=\"Kontaktvorschlaege\"><span class=\"wpcf7-form-control wpcf7-checkbox\"><span class=\"wpcf7-list-item first last\"><input type=\"checkbox\" name=\"Kontaktvorschlaege[]\" value=\"Wir w\u00fcnschen uns, falls m\u00f6glich, zum Projekt passende Kontaktvorschl\u00e4ge zu Unternehmen oder zu Wissenschaftlerinnen und Wissenschaftlern.\" \/><span class=\"wpcf7-list-item-label\">Wir w\u00fcnschen uns, falls m\u00f6glich, zum Projekt passende Kontaktvorschl\u00e4ge zu Unternehmen oder zu Wissenschaftlerinnen und Wissenschaftlern.<\/span><\/span><\/span><\/span>\n<\/p>\n<p><br class=\"br\" \/>\n<\/p>\n<p><label> Die folgenden Kriterien helfen Euch, Euer Forschungsprojekt zu formulieren und zu bearbeiten. Bitte notiert hier stichpunktartig. <\/label>\n<\/p>\n<p><label> 1. Wissenschaftliches Vorgehen:* <\/label>\n<\/p>\n<p>a) Notiert Fragen, die Eure Problemstellung verdeutlichen und die durch das Projekt beantwortet werden sollen.<br \/>\n<span class=\"wpcf7-form-control-wrap\" data-name=\"Problemstellung\"><textarea cols=\"110\" rows=\"7\" class=\"wpcf7-form-control wpcf7-textarea wpcf7-validates-as-required\" aria-required=\"true\" aria-invalid=\"false\" placeholder=\"- Lassen sich Gr\u00fcnde finden, warum so viele Menschen Singles sind? - Welche Erwartungen stellen Singles an Beziehungen? - Wie k\u00f6nnte eine Stadtplanung aussehen, die Singles die Partnersuche erleichtert?\" name=\"Problemstellung\"><\/textarea><\/span>\n<\/p>\n<p>b) Nennt wichtige Themen und Inhalte, mit denen ihr Euch im Vorfeld auseinandersetzen m\u00fcsst.<br \/>\n<span class=\"wpcf7-form-control-wrap\" data-name=\"Themen\"><textarea cols=\"110\" rows=\"7\" class=\"wpcf7-form-control wpcf7-textarea wpcf7-validates-as-required\" aria-required=\"true\" aria-invalid=\"false\" placeholder=\"- Herausfinden, wieso so viele Menschen Single sind und welche Anspr\u00fcche sie bez\u00fcglich der Partnersuche haben\n- Vorbereitung Interviews mit Partnerb\u00f6rsen (Musterfirma) und Dr. Musterexpertin \u00fcber Liebe und Gl\u00fcck\n- G\u00fctekriterien von Fragebogen: Entwicklung von Fragebogen zum Thema \u201eLiebe und Partnerschaft\u201c\" name=\"Themen\"><\/textarea><\/span>\n<\/p>\n<p>c) Gebt einen groben Zeitplan an, der wesentliche Abschnitte des Projekts enth\u00e4lt.<br \/>\n<span class=\"wpcf7-form-control-wrap\" data-name=\"Zeitplan\"><textarea cols=\"110\" rows=\"7\" class=\"wpcf7-form-control wpcf7-textarea wpcf7-validates-as-required\" aria-required=\"true\" aria-invalid=\"false\" placeholder=\"1.) Ideen sammeln (Dezember)\n2.) Fragebogen um Thema \u201eLiebe und Partnerschaft\u201c erstellen (Januar)\n3.) Partnerb\u00f6rsen kontaktieren (Januar)\n4.) Telefoninterview mit Dr. Musterexpertin (Februar)\n5.) Alle Erkenntnisse werden in die Modellstadt \u201eLovehatten\u201c eingearbeitet (d.h. es wird ein sch\u00f6nes, gro\u00dfes Modell gebaut) (M\u00e4rz und April)\n6.) Die Ergebnisse werden ansprechend auf Plakate und Prospekten aufbereitet (Mai)\" name=\"Zeitplan\"><\/textarea><\/span>\n<\/p>\n<p><br class=\"br\" \/>\n<\/p>\n<p><label> 2. Bedeutung:* <\/label>\n<\/p>\n<p>a) Nennt Gr\u00fcnde f\u00fcr die Wichtigkeit des Themas<br \/>\n<span class=\"wpcf7-form-control-wrap\" data-name=\"Gruende\"><textarea cols=\"110\" rows=\"7\" class=\"wpcf7-form-control wpcf7-textarea wpcf7-validates-as-required\" aria-required=\"true\" aria-invalid=\"false\" placeholder=\"- Das Thema \u201eLiebe und Partnerschaft\u201c ist sehr aktuell, wie die vielen B\u00fccher auf dem Markt zeigen (Beispielsweise wird das Buch \u201eMusterbuch\u201c von Dr. Musterexpertin sehr oft gekauft.)\n- Partnerb\u00f6rsen (z.B. Musterfirma) werden immer pr\u00e4senter und beliebter (siehe dazu Onlineartikel: \u201eSingleb\u00f6rsen werden immer beliebter.\u201c)\" name=\"Gruende\"><\/textarea><\/span>\n<\/p>\n<p>b) Beschreibt Zusammenh\u00e4nge zwischen dem Projektthema und aktuellen Ereignissen.<br \/>\n<span class=\"wpcf7-form-control-wrap\" data-name=\"Zusammenhaenge\"><textarea cols=\"110\" rows=\"7\" class=\"wpcf7-form-control wpcf7-textarea wpcf7-validates-as-required\" aria-required=\"true\" aria-invalid=\"false\" placeholder=\"- Immer mehr Beziehungen beginnen im Internet: Viel Auswahl; Schnelle und einfache Kontaktaufnahme; Vorauswahl m\u00f6glich\n- Hohe Scheidungsrate (ca. 50%)\n- Knapp jeder Dritte ist Single\" name=\"Zusammenhaenge\"><\/textarea><\/span>\n<\/p>\n<p><br class=\"br\" \/>\n<\/p>\n<p><label> 3. Pr\u00e4sentation:* <\/label><br \/>\nStellt erste \u00dcberlegungen an, welche Art der Pr\u00e4sentation ihr einsetzen k\u00f6nntet, um Eurer Problemstellung gerecht zu werden.<br \/>\n<span class=\"wpcf7-form-control-wrap\" data-name=\"Praesentationsart\"><textarea cols=\"110\" rows=\"7\" class=\"wpcf7-form-control wpcf7-textarea wpcf7-validates-as-required\" aria-required=\"true\" aria-invalid=\"false\" placeholder=\"- Modell, welches die f\u00fcr Singles optimierte Stadt veranschaulicht\n- Ergebnisse der Umfrage auf Plakaten pr\u00e4sentieren\n- Mappen mit den Interviews\n- B\u00fccher (z.B.: das Musterbuch von Dr. Musterexpertin) auslegen\n- Video zum Thema Liebe\" name=\"Praesentationsart\"><\/textarea><\/span>\n<\/p>\n<p><br class=\"br\" \/>\n<\/p>\n<p><label> <span class=\"wpcf7-form-control-wrap\" data-name=\"Zustimmung\"><span class=\"wpcf7-form-control wpcf7-acceptance\"><span class=\"wpcf7-list-item\"><input type=\"checkbox\" name=\"Zustimmung\" value=\"1\" aria-invalid=\"false\" \/><\/span><\/span><\/span> Ich habe die <a href=\"https:\/\/tuk-anmeldungen.procampus.de\/de\/datenschutz\/\">Datenschutzerkl\u00e4rung <\/a> zur Kenntnis genommen und akzeptiert. Ich stimme zu, dass meine Formularangaben zur Kontaktaufnahme bzw. zur Bearbeitung meines Anliegens gespeichert werden.*<\/label>\n<\/p>\n<p><br class=\"br\" \/>\n<\/p>\n<p><input class=\"wpcf7-form-control wpcf7-submit has-spinner\" type=\"submit\" value=\"Senden\" \/>\n<\/p>\n<p><br class=\"br\" \/>\n<\/p>\n<p>Kontakt f\u00fcr R\u00fcckfragen:<br \/>\nInsa Schnittjer<br \/>\nMail: <a href=\"mailto:zlb-sciencefair@rptu.de\">zlb-sciencefair@rptu.de<\/a><br \/>\nTel.: 06341-280-34274\n<\/p>\n<p><br class=\"br\" \/>\n<\/p>\n<p>*Pflichtfelder\n<\/p>\n<p><br class=\"br\" \/>\n<\/p><div class=\"wpcf7-response-output\" aria-hidden=\"true\"><\/div>\n<\/form>\n<\/div>\n[\/vc_column][\/vc_row]<\/div>","protected":false},"excerpt":{"rendered":"<p>[vc_row][vc_column][vc_single_image image=&#8221;5083&#8243; img_size=&#8221;full&#8221;][\/vc_column][\/vc_row][vc_row][vc_column width=&#8221;1\/3&#8243;][vc_single_image image=&#8221;4073&#8243; img_size=&#8221;full&#8221;][\/vc_column][vc_column width=&#8221;1\/3&#8243;][vc_single_image image=&#8221;5774&#8243; img_size=&#8221;full&#8221; css=&#8221;.vc_custom_1762856092581{margin-top: px !important;}&#8221;][\/vc_column][vc_column width=&#8221;1\/3&#8243;][vc_single_image image=&#8221;4040&#8243; img_size=&#8221;full&#8221; css=&#8221;.vc_custom_1758634435936{margin-top: 45px !important;}&#8221;][\/vc_column][\/vc_row][vc_row][vc_column][vc_separator][\/vc_column][\/vc_row][vc_row][vc_column][\/vc_column][\/vc_row]<\/p>\n","protected":false},"author":11,"featured_media":0,"parent":0,"menu_order":0,"comment_status":"closed","ping_status":"closed","template":"","meta":{"_acf_changed":false,"footnotes":""},"acf":[],"publishpress_future_action":{"enabled":true,"date":"2026-04-30 11:59:00","action":"change-status","newStatus":"draft","terms":[0],"taxonomy":"translation_priority"},"_links":{"self":[{"href":"https:\/\/rptu-anmeldungen.procampus.de\/de\/wp-json\/wp\/v2\/pages\/5743"}],"collection":[{"href":"https:\/\/rptu-anmeldungen.procampus.de\/de\/wp-json\/wp\/v2\/pages"}],"about":[{"href":"https:\/\/rptu-anmeldungen.procampus.de\/de\/wp-json\/wp\/v2\/types\/page"}],"author":[{"embeddable":true,"href":"https:\/\/rptu-anmeldungen.procampus.de\/de\/wp-json\/wp\/v2\/users\/11"}],"replies":[{"embeddable":true,"href":"https:\/\/rptu-anmeldungen.procampus.de\/de\/wp-json\/wp\/v2\/comments?post=5743"}],"version-history":[{"count":14,"href":"https:\/\/rptu-anmeldungen.procampus.de\/de\/wp-json\/wp\/v2\/pages\/5743\/revisions"}],"predecessor-version":[{"id":5807,"href":"https:\/\/rptu-anmeldungen.procampus.de\/de\/wp-json\/wp\/v2\/pages\/5743\/revisions\/5807"}],"wp:attachment":[{"href":"https:\/\/rptu-anmeldungen.procampus.de\/de\/wp-json\/wp\/v2\/media?parent=5743"}],"curies":[{"name":"wp","href":"https:\/\/api.w.org\/{rel}","templated":true}]}}