{"id":5494,"date":"2025-04-15T14:59:36","date_gmt":"2025-04-15T12:59:36","guid":{"rendered":"https:\/\/rptu-anmeldungen.procampus.de\/?page_id=5494"},"modified":"2025-05-09T12:54:16","modified_gmt":"2025-05-09T10:54:16","slug":"anmeldung-kme-tagung-2025","status":"publish","type":"page","link":"https:\/\/rptu-anmeldungen.procampus.de\/de\/anmeldung-kme-tagung-2025\/","title":{"rendered":"<center><font color=#344052>Anmeldung KME-Tagung 2025<\/font color><\/center>"},"content":{"rendered":"<div class=\"wpb-content-wrapper\">[vc_row][vc_column][vc_single_image image=&#8221;5542&#8243; img_size=&#8221;full&#8221; alignment=&#8221;center&#8221; onclick=&#8221;custom_link&#8221; img_link_target=&#8221;_blank&#8221; link=&#8221;https:\/\/ezw.rptu.de\/ags\/paedagogik-bei-geistigen-und-koerperlichen-behinderungen\/konferenz-der-dozierenden-im-sonderpaedagogischen-schwerpunkt-koerperlich-motorische-entwicklung&#8221;][\/vc_column][\/vc_row][vc_row][vc_column][vc_separator][\/vc_column][\/vc_row][vc_row][vc_column][vc_column_text][\/vc_column_text][\/vc_column][\/vc_row][vc_row][vc_column]\n<div class=\"wpcf7 no-js\" id=\"wpcf7-f5493-o1\" lang=\"de-DE\" dir=\"ltr\">\n<div class=\"screen-reader-response\"><p role=\"status\" aria-live=\"polite\" aria-atomic=\"true\"><\/p> <ul><\/ul><\/div>\n<form action=\"\/de\/wp-json\/wp\/v2\/pages\/5494#wpcf7-f5493-o1\" method=\"post\" class=\"wpcf7-form init\" aria-label=\"Kontaktformular\" novalidate=\"novalidate\" data-status=\"init\">\n<div style=\"display: none;\">\n<input type=\"hidden\" name=\"_wpcf7\" value=\"5493\" \/>\n<input type=\"hidden\" name=\"_wpcf7_version\" value=\"5.9.3\" \/>\n<input type=\"hidden\" name=\"_wpcf7_locale\" value=\"de_DE\" \/>\n<input type=\"hidden\" name=\"_wpcf7_unit_tag\" value=\"wpcf7-f5493-o1\" \/>\n<input type=\"hidden\" name=\"_wpcf7_container_post\" value=\"0\" \/>\n<input type=\"hidden\" name=\"_wpcf7_posted_data_hash\" value=\"\" \/>\n<\/div>\n<style type = \"text\/css\"> \nspan.wpcf7-list-item { display: table-row; }\nspan.wpcf7-list-item * { display: table-cell; }\nspan.wpcf7-list-item-label::before, span.wpcf7-list-item-label::after {\nmargin-left: 5px;}\n<\/style>\n<p><label> Vorname* <\/label><br \/>\n<span class=\"wpcf7-form-control-wrap\" data-name=\"Vorname\"><input size=\"40\" class=\"wpcf7-form-control wpcf7-text wpcf7-validates-as-required\" aria-required=\"true\" aria-invalid=\"false\" placeholder=\"Max\" value=\"\" type=\"text\" name=\"Vorname\" \/><\/span>\n<\/p>\n<p><label> Nachname* <\/label><br \/>\n<span class=\"wpcf7-form-control-wrap\" data-name=\"Nachname\"><input size=\"40\" class=\"wpcf7-form-control wpcf7-text wpcf7-validates-as-required\" aria-required=\"true\" aria-invalid=\"false\" placeholder=\"Mustermann\" value=\"\" type=\"text\" name=\"Nachname\" \/><\/span>\n<\/p>\n<p><label> Titel <\/label><br \/>\n<span class=\"wpcf7-form-control-wrap\" data-name=\"Titel\"><select class=\"wpcf7-form-control wpcf7-select\" aria-invalid=\"false\" name=\"Titel\"><option value=\"\">&#8211; Bitte ausw\u00e4hlen &#8211;<\/option><option value=\"Dr.\">Dr.<\/option><option value=\"Prof.\">Prof.<\/option><option value=\"Prof. Dr.\">Prof. Dr.<\/option><\/select><\/span>\n<\/p>\n<p><label> E-Mail* <\/label><br \/>\n<span class=\"wpcf7-form-control-wrap\" data-name=\"E-Mail\"><input size=\"40\" class=\"wpcf7-form-control wpcf7-email wpcf7-validates-as-required wpcf7-text wpcf7-validates-as-email\" aria-required=\"true\" aria-invalid=\"false\" placeholder=\"mustermann@muster.de\" value=\"\" type=\"email\" name=\"E-Mail\" \/><\/span>\n<\/p>\n<p><label> Institution* <\/label><br \/>\n<span class=\"wpcf7-form-control-wrap\" data-name=\"Institution\"><input size=\"40\" class=\"wpcf7-form-control wpcf7-text wpcf7-validates-as-required\" aria-required=\"true\" aria-invalid=\"false\" placeholder=\"RPTU Kaiserslautern-Landau\" value=\"\" type=\"text\" name=\"Institution\" \/><\/span>\n<\/p>\n<p><label> Assistenzbedarfe <\/label><br \/>\n<span class=\"wpcf7-form-control-wrap\" data-name=\"Assistenzbedarfe\"><input size=\"40\" class=\"wpcf7-form-control wpcf7-text\" aria-invalid=\"false\" placeholder=\"\" value=\"\" type=\"text\" name=\"Assistenzbedarfe\" \/><\/span>\n<\/p>\n<p><br class=\"br\" \/>\n<\/p>\n<p><span class=\"wpcf7-form-control-wrap\" data-name=\"Dok-Koll\"><span class=\"wpcf7-form-control wpcf7-checkbox\"><span class=\"wpcf7-list-item first last\"><input type=\"checkbox\" name=\"Dok-Koll[]\" value=\"Teilnahme am Doktorand*innenkolloquium vom 15.09. bis 16.09.2025\" \/><span class=\"wpcf7-list-item-label\">Teilnahme am Doktorand*innenkolloquium vom 15.09. bis 16.09.2025<\/span><\/span><\/span><\/span>\n<\/p>\n<p><label> Teilnahme am Rahmenprogramm: <\/label><br \/>\n<span class=\"wpcf7-form-control-wrap\" data-name=\"Suppe_mag_Brot\"><span class=\"wpcf7-form-control wpcf7-checkbox\"><span class=\"wpcf7-list-item first last\"><input type=\"checkbox\" name=\"Suppe_mag_Brot[]\" value=\"16.09.2025 Abendessen im Restaurant Suppe mag Brot (auf eigene Kosten)\" \/><span class=\"wpcf7-list-item-label\">16.09.2025 Abendessen im Restaurant Suppe mag Brot (auf eigene Kosten)<\/span><\/span><\/span><\/span><br \/>\n<span class=\"wpcf7-form-control-wrap\" data-name=\"Toms_Nschtl\"><span class=\"wpcf7-form-control wpcf7-checkbox\"><span class=\"wpcf7-list-item first last\"><input type=\"checkbox\" name=\"Toms_Nschtl[]\" value=\"17.09.2025 Abendessen im Restaurant Toms N\u00e4schtl (auf eigene Kosten)\" \/><span class=\"wpcf7-list-item-label\">17.09.2025 Abendessen im Restaurant Toms N\u00e4schtl (auf eigene Kosten)<\/span><\/span><\/span><\/span><br \/>\n<span class=\"wpcf7-form-control-wrap\" data-name=\"TeilnahmeJKI\"><span class=\"wpcf7-form-control wpcf7-checkbox\"><span class=\"wpcf7-list-item first last\"><input type=\"checkbox\" name=\"TeilnahmeJKI[]\" value=\"17.09.2025 F\u00fchrung und Weinprobe im Julius K\u00fchn-Institut (inkl. Bustransfer, Kosten 19,00\u20ac, bitte Ticket f\u00fcr F\u00fchrung zus\u00e4tzlich buchen!)\" \/><span class=\"wpcf7-list-item-label\">17.09.2025 F\u00fchrung und Weinprobe im Julius K\u00fchn-Institut (inkl. Bustransfer, Kosten 19,00\u20ac, bitte Ticket f\u00fcr F\u00fchrung zus\u00e4tzlich buchen!)<\/span><\/span><\/span><\/span>\n<\/p>\n<p><label> Infos zum Besuch beim JKI: <\/label><br \/>\nWir freuen uns auf eine Weinprobe der besonderen Art. Neben der Verkostung von verschiedenen Weinsorten erhalten wir Einblicke in die Forschungsarbeit der Rebenz\u00fcchtung. Das <a href=\"https:\/\/www.julius-kuehn.de\/siebeldingen\" target=\"_blank\">Julius K\u00fchn-Institut (JKI)<\/a> ist das Bundesforschungsinstitut f\u00fcr Kulturpflanzen in Deutschland. Der Standort Siebeldingen umfasst die Fachinstitute f\u00fcr \u201ePflanzenschutz in Obst- und Weinbau\u201c sowie das Institut f\u00fcr \u201eRebenz\u00fcchtung\u201c. Die JKI-Rebenz\u00fcchtung steht f\u00fcr nachhaltige Bewirtschaftung von Weinbergen mit robusten und klimaangepassten Sorten.\n<\/p>\n<p><br class=\"br\" \/>\n<\/p>\n<p><label>Ich erkl\u00e4re mich damit einverstanden, dass Fotos, die im Rahmen der Veranstaltung gemacht werden, auf denen ich zu sehen bin, f\u00fcr die \u00d6ffentlichkeitsarbeit der Universit\u00e4t verwendet werden.*<\/label><br \/>\n<span class=\"wpcf7-form-control-wrap\" data-name=\"acceptance\"><span class=\"wpcf7-form-control wpcf7-checkbox wpcf7-validates-as-required\"><span class=\"wpcf7-list-item first\"><input type=\"checkbox\" name=\"acceptance[]\" value=\"Ja\" \/><span class=\"wpcf7-list-item-label\">Ja<\/span><\/span><span class=\"wpcf7-list-item last\"><input type=\"checkbox\" name=\"acceptance[]\" value=\"Nein\" \/><span class=\"wpcf7-list-item-label\">Nein<\/span><\/span><\/span><\/span>\n<\/p>\n<p><br class=\"br\" \/>\n<\/p>\n<p><label> <span class=\"wpcf7-form-control-wrap\" data-name=\"Zustimmung\"><span class=\"wpcf7-form-control wpcf7-acceptance\"><span class=\"wpcf7-list-item\"><input type=\"checkbox\" name=\"Zustimmung\" value=\"1\" aria-invalid=\"false\" \/><\/span><\/span><\/span> Ich habe die <a href=\"https:\/\/tuk-anmeldungen.procampus.de\/de\/datenschutz\/\" target=\"_blank\">Datenschutzerkl\u00e4rung<\/a> zur Kenntnis genommen und akzeptiert. Ich stimme zu, dass meine Formularangaben zur Kontaktaufnahme bzw. zur Bearbeitung meines Anliegens gespeichert werden.*<\/label>\n<\/p>\n<p><br class=\"br\" \/>\n<\/p>\n<p><input class=\"wpcf7-form-control wpcf7-submit has-spinner\" type=\"submit\" value=\"Senden\" \/>\n<\/p>\n<p><br class=\"br\" \/>\n<\/p>\n<p>*Pflichtfelder\n<\/p><div class=\"wpcf7-response-output\" aria-hidden=\"true\"><\/div>\n<\/form>\n<\/div>\n[\/vc_column][\/vc_row]<\/div>","protected":false},"excerpt":{"rendered":"<p>[vc_row][vc_column][vc_single_image image=&#8221;5542&#8243; img_size=&#8221;full&#8221; alignment=&#8221;center&#8221; onclick=&#8221;custom_link&#8221; img_link_target=&#8221;_blank&#8221; link=&#8221;https:\/\/ezw.rptu.de\/ags\/paedagogik-bei-geistigen-und-koerperlichen-behinderungen\/konferenz-der-dozierenden-im-sonderpaedagogischen-schwerpunkt-koerperlich-motorische-entwicklung&#8221;][\/vc_column][\/vc_row][vc_row][vc_column][vc_separator][\/vc_column][\/vc_row][vc_row][vc_column][vc_column_text][\/vc_column_text][\/vc_column][\/vc_row][vc_row][vc_column][\/vc_column][\/vc_row]<\/p>\n","protected":false},"author":11,"featured_media":0,"parent":0,"menu_order":0,"comment_status":"closed","ping_status":"closed","template":"","meta":{"_acf_changed":false,"footnotes":""},"acf":[],"publishpress_future_action":{"enabled":false,"date":"2026-04-18 10:12:44","action":"change-status","newStatus":"draft","terms":[],"taxonomy":"translation_priority"},"_links":{"self":[{"href":"https:\/\/rptu-anmeldungen.procampus.de\/de\/wp-json\/wp\/v2\/pages\/5494"}],"collection":[{"href":"https:\/\/rptu-anmeldungen.procampus.de\/de\/wp-json\/wp\/v2\/pages"}],"about":[{"href":"https:\/\/rptu-anmeldungen.procampus.de\/de\/wp-json\/wp\/v2\/types\/page"}],"author":[{"embeddable":true,"href":"https:\/\/rptu-anmeldungen.procampus.de\/de\/wp-json\/wp\/v2\/users\/11"}],"replies":[{"embeddable":true,"href":"https:\/\/rptu-anmeldungen.procampus.de\/de\/wp-json\/wp\/v2\/comments?post=5494"}],"version-history":[{"count":25,"href":"https:\/\/rptu-anmeldungen.procampus.de\/de\/wp-json\/wp\/v2\/pages\/5494\/revisions"}],"predecessor-version":[{"id":5549,"href":"https:\/\/rptu-anmeldungen.procampus.de\/de\/wp-json\/wp\/v2\/pages\/5494\/revisions\/5549"}],"wp:attachment":[{"href":"https:\/\/rptu-anmeldungen.procampus.de\/de\/wp-json\/wp\/v2\/media?parent=5494"}],"curies":[{"name":"wp","href":"https:\/\/api.w.org\/{rel}","templated":true}]}}