{"id":5277,"date":"2025-01-30T14:42:13","date_gmt":"2025-01-30T13:42:13","guid":{"rendered":"https:\/\/www.rptu-anmeldungen.procampus.de\/?page_id=5277"},"modified":"2026-01-21T16:14:49","modified_gmt":"2026-01-21T15:14:49","slug":"anmeldung-zum-studieninfotag-der-rptu-2026","status":"publish","type":"page","link":"https:\/\/rptu-anmeldungen.procampus.de\/de\/anmeldung-zum-studieninfotag-der-rptu-2026\/","title":{"rendered":"<h2>Anmeldung zum Studieninfotag der RPTU 2026<\/h2>"},"content":{"rendered":"<div class=\"wpb-content-wrapper\">[vc_row][vc_column][vc_single_image image=&#8221;5933&#8243; img_size=&#8221;full&#8221; onclick=&#8221;custom_link&#8221; img_link_target=&#8221;_blank&#8221; link=&#8221;https:\/\/rptu.de\/studium\/beratung-orientierung\/studieninfotag&#8221;][\/vc_column][\/vc_row][vc_row][vc_column][vc_separator][\/vc_column][\/vc_row][vc_row][vc_column][vc_column_text][\/vc_column_text][\/vc_column][\/vc_row][vc_row][vc_column]\n<div class=\"wpcf7 no-js\" id=\"wpcf7-f5930-o1\" lang=\"de-DE\" dir=\"ltr\">\n<div class=\"screen-reader-response\"><p role=\"status\" aria-live=\"polite\" aria-atomic=\"true\"><\/p> <ul><\/ul><\/div>\n<form action=\"\/de\/wp-json\/wp\/v2\/pages\/5277#wpcf7-f5930-o1\" method=\"post\" class=\"wpcf7-form init\" aria-label=\"Kontaktformular\" novalidate=\"novalidate\" data-status=\"init\">\n<div style=\"display: none;\">\n<input type=\"hidden\" name=\"_wpcf7\" value=\"5930\" \/>\n<input type=\"hidden\" name=\"_wpcf7_version\" value=\"5.9.3\" \/>\n<input type=\"hidden\" name=\"_wpcf7_locale\" value=\"de_DE\" \/>\n<input type=\"hidden\" name=\"_wpcf7_unit_tag\" value=\"wpcf7-f5930-o1\" \/>\n<input type=\"hidden\" name=\"_wpcf7_container_post\" value=\"0\" \/>\n<input type=\"hidden\" name=\"_wpcf7_posted_data_hash\" value=\"\" \/>\n<\/div>\n<style type = \"text\/css\"> \nspan.wpcf7-list-item { display: table-row; }\nspan.wpcf7-list-item * { display: table-cell; }\nspan.wpcf7-list-item-label::before, span.wpcf7-list-item-label::after {\nmargin-left: 5px;}\n}\n<\/style>\n<p><label> Name* <\/label><br \/>\n<span class=\"wpcf7-form-control-wrap\" data-name=\"Kontaktperson\"><input size=\"40\" class=\"wpcf7-form-control wpcf7-text wpcf7-validates-as-required\" aria-required=\"true\" aria-invalid=\"false\" placeholder=\"Max Mustermann\" value=\"\" type=\"text\" name=\"Kontaktperson\" \/><\/span>\n<\/p>\n<p><label> E-Mail* <\/label><br \/>\n<span class=\"wpcf7-form-control-wrap\" data-name=\"E-Mail\"><input size=\"40\" class=\"wpcf7-form-control wpcf7-email wpcf7-validates-as-required wpcf7-text wpcf7-validates-as-email\" aria-required=\"true\" aria-invalid=\"false\" placeholder=\"mustermann@musterschule.de\" value=\"\" type=\"email\" name=\"E-Mail\" \/><\/span>\n<\/p>\n<p><br class=\"br\" \/>\n<\/p>\n<p><label> Ich nehme am Studieninfotag der RPTU in Kaiserslautern am 13. Mai 2026 teil.*<\/label><br \/>\n<span class=\"wpcf7-form-control-wrap\" data-name=\"Teilnahme_KL\"><span class=\"wpcf7-form-control wpcf7-checkbox wpcf7-validates-as-required wpcf7-exclusive-checkbox\"><span class=\"wpcf7-list-item first\"><input type=\"checkbox\" name=\"Teilnahme_KL\" value=\"Ja\" \/><span class=\"wpcf7-list-item-label\">Ja<\/span><\/span><span class=\"wpcf7-list-item last\"><input type=\"checkbox\" name=\"Teilnahme_KL\" value=\"Nein\" \/><span class=\"wpcf7-list-item-label\">Nein<\/span><\/span><\/span><\/span>\n<\/p>\n<p><label> Ich nehme am Studieninfotag der RPTU in Landau am 19. Mai 2026 teil.*<\/label><br \/>\n<span class=\"wpcf7-form-control-wrap\" data-name=\"Teilnahme_LD\"><span class=\"wpcf7-form-control wpcf7-checkbox wpcf7-validates-as-required wpcf7-exclusive-checkbox\"><span class=\"wpcf7-list-item first\"><input type=\"checkbox\" name=\"Teilnahme_LD\" value=\"Ja\" \/><span class=\"wpcf7-list-item-label\">Ja<\/span><\/span><span class=\"wpcf7-list-item last\"><input type=\"checkbox\" name=\"Teilnahme_LD\" value=\"Nein\" \/><span class=\"wpcf7-list-item-label\">Nein<\/span><\/span><\/span><\/span>\n<\/p>\n<p><label> Anzahl der Teilnehmer:* <\/label><br \/>\n<span class=\"wpcf7-form-control-wrap\" data-name=\"Anzahl-Schuelerinnen\"><input class=\"wpcf7-form-control wpcf7-number wpcf7-validates-as-required wpcf7-validates-as-number\" min=\"0\" max=\"100\" aria-required=\"true\" aria-invalid=\"false\" placeholder=\"0\" value=\"\" type=\"number\" name=\"Anzahl-Schuelerinnen\" \/><\/span>\n<\/p>\n<p><br class=\"br\" \/>\n<\/p>\n<p><label> <span class=\"wpcf7-form-control-wrap\" data-name=\"Kontaktaufnahme\"><span class=\"wpcf7-form-control wpcf7-acceptance\"><span class=\"wpcf7-list-item\"><input type=\"checkbox\" name=\"Kontaktaufnahme\" value=\"1\" aria-invalid=\"false\" \/><\/span><\/span><\/span> Ich willige ein, dass meine E-Mail-Adresse zum Zweck der Kontaktaufnahme im Rahmen des Studieninfotags verwendet werden darf.* <\/label>\n<\/p>\n<p><label> <span class=\"wpcf7-form-control-wrap\" data-name=\"FotoFilmStreaming\"><span class=\"wpcf7-form-control wpcf7-acceptance\"><span class=\"wpcf7-list-item\"><input type=\"checkbox\" name=\"FotoFilmStreaming\" value=\"1\" aria-invalid=\"false\" \/><\/span><\/span><\/span> Ich erkl\u00e4re mich damit einverstanden, dass w\u00e4hrend der Veranstaltung Foto- und Filmaufnahmen gemacht werden. Das Foto- und Filmmaterial wird von der Universit\u00e4t zu Zwecken der \u00d6ffentlichkeitsarbeit, z.B. zur Ver\u00f6ffentlichung in Printmedien, im Internet oder den sozialen Medien verwendet und gespeichert.* <\/label>\n<\/p>\n<p><label><span class=\"wpcf7-form-control-wrap\" data-name=\"Zustimmung\"><span class=\"wpcf7-form-control wpcf7-acceptance\"><span class=\"wpcf7-list-item\"><input type=\"checkbox\" name=\"Zustimmung\" value=\"1\" aria-invalid=\"false\" \/><\/span><\/span><\/span> Ich habe die <a href=\"https:\/\/tuk-anmeldungen.procampus.de\/de\/datenschutz\/\">Datenschutzerkl\u00e4rung<\/a> zur Kenntnis genommen und akzeptiert. Ich stimme zu, dass meine Formularangaben zur Kontaktaufnahme bzw. zur Bearbeitung meines Anliegens gespeichert werden.*<\/label>\n<\/p>\n<p><br class=\"br\" \/>\n<\/p>\n<p><input class=\"wpcf7-form-control wpcf7-submit has-spinner\" type=\"submit\" value=\"Senden\" \/>\n<\/p>\n<p><br class=\"br\" \/>\n<\/p>\n<p>*Pflichtfelder\n<\/p><div class=\"wpcf7-response-output\" aria-hidden=\"true\"><\/div>\n<\/form>\n<\/div>\n[\/vc_column][\/vc_row]<\/div>","protected":false},"excerpt":{"rendered":"<p>[vc_row][vc_column][vc_single_image image=&#8221;5933&#8243; img_size=&#8221;full&#8221; onclick=&#8221;custom_link&#8221; img_link_target=&#8221;_blank&#8221; link=&#8221;https:\/\/rptu.de\/studium\/beratung-orientierung\/studieninfotag&#8221;][\/vc_column][\/vc_row][vc_row][vc_column][vc_separator][\/vc_column][\/vc_row][vc_row][vc_column][vc_column_text][\/vc_column_text][\/vc_column][\/vc_row][vc_row][vc_column][\/vc_column][\/vc_row]<\/p>\n","protected":false},"author":11,"featured_media":0,"parent":0,"menu_order":0,"comment_status":"closed","ping_status":"closed","template":"","meta":{"_acf_changed":false,"footnotes":""},"acf":[],"publishpress_future_action":{"enabled":false,"date":"2026-04-22 19:11:47","action":"change-status","newStatus":"draft","terms":[],"taxonomy":"translation_priority"},"_links":{"self":[{"href":"https:\/\/rptu-anmeldungen.procampus.de\/de\/wp-json\/wp\/v2\/pages\/5277"}],"collection":[{"href":"https:\/\/rptu-anmeldungen.procampus.de\/de\/wp-json\/wp\/v2\/pages"}],"about":[{"href":"https:\/\/rptu-anmeldungen.procampus.de\/de\/wp-json\/wp\/v2\/types\/page"}],"author":[{"embeddable":true,"href":"https:\/\/rptu-anmeldungen.procampus.de\/de\/wp-json\/wp\/v2\/users\/11"}],"replies":[{"embeddable":true,"href":"https:\/\/rptu-anmeldungen.procampus.de\/de\/wp-json\/wp\/v2\/comments?post=5277"}],"version-history":[{"count":9,"href":"https:\/\/rptu-anmeldungen.procampus.de\/de\/wp-json\/wp\/v2\/pages\/5277\/revisions"}],"predecessor-version":[{"id":5935,"href":"https:\/\/rptu-anmeldungen.procampus.de\/de\/wp-json\/wp\/v2\/pages\/5277\/revisions\/5935"}],"wp:attachment":[{"href":"https:\/\/rptu-anmeldungen.procampus.de\/de\/wp-json\/wp\/v2\/media?parent=5277"}],"curies":[{"name":"wp","href":"https:\/\/api.w.org\/{rel}","templated":true}]}}